{"id":923,"date":"2018-11-02T10:23:29","date_gmt":"2018-11-02T09:23:29","guid":{"rendered":"http:\/\/shop.fromagerie-tourrette.com\/boutique\/produit\/cabourg-au-calvados\/"},"modified":"2024-01-18T14:23:30","modified_gmt":"2024-01-18T13:23:30","slug":"cabourg-au-calvados","status":"publish","type":"product","link":"https:\/\/fromagerie-tourrette.bigfamily.dev\/de\/produit\/cabourg-au-calvados\/","title":{"rendered":"Cabourg au Calvados"},"content":{"rendered":"<p>Le Cabourg est un fromage affin\u00e9 au Calvados et enrob\u00e9 de chapelure, \u00e0 base d\u2019un camembert doux au lait cru. Fromage au go\u00fbt relev\u00e9 et saveurs caract\u00e9ristiques.<\/p>\n","protected":false},"excerpt":{"rendered":"<p>Le Cabourg est un fromage affin\u00e9 au Calvados et enrob\u00e9 de chapelure, \u00e0 base d\u2019un camembert doux au [&hellip;]<\/p>\n","protected":false},"featured_media":16102,"template":"","meta":[],"product_cat":[16],"product_tag":[],"acf":[],"_links":{"self":[{"href":"https:\/\/fromagerie-tourrette.bigfamily.dev\/de\/wp-json\/wp\/v2\/product\/923"}],"collection":[{"href":"https:\/\/fromagerie-tourrette.bigfamily.dev\/de\/wp-json\/wp\/v2\/product"}],"about":[{"href":"https:\/\/fromagerie-tourrette.bigfamily.dev\/de\/wp-json\/wp\/v2\/types\/product"}],"wp:featuredmedia":[{"embeddable":true,"href":"https:\/\/fromagerie-tourrette.bigfamily.dev\/de\/wp-json\/wp\/v2\/media\/16102"}],"wp:attachment":[{"href":"https:\/\/fromagerie-tourrette.bigfamily.dev\/de\/wp-json\/wp\/v2\/media?parent=923"}],"wp:term":[{"taxonomy":"product_cat","embeddable":true,"href":"https:\/\/fromagerie-tourrette.bigfamily.dev\/de\/wp-json\/wp\/v2\/product_cat?post=923"},{"taxonomy":"product_tag","embeddable":true,"href":"https:\/\/fromagerie-tourrette.bigfamily.dev\/de\/wp-json\/wp\/v2\/product_tag?post=923"}],"curies":[{"name":"wp","href":"https:\/\/api.w.org\/{rel}","templated":true}]}}