{"id":910,"date":"2018-11-02T10:22:40","date_gmt":"2018-11-02T09:22:40","guid":{"rendered":"http:\/\/shop.fromagerie-tourrette.com\/boutique\/produit\/reblochon-lait-cru-fermier-aop-2\/"},"modified":"2024-02-08T09:11:27","modified_gmt":"2024-02-08T08:11:27","slug":"reblochon-lait-cru-fermier-aop-2","status":"publish","type":"product","link":"https:\/\/fromagerie-tourrette.bigfamily.dev\/de\/produit\/reblochon-lait-cru-fermier-aop-2\/","title":{"rendered":"Reblochon Lait Cru Fermier AOP"},"content":{"rendered":"<p>Les massifs montagneux des d\u00e9partements de la Savoie et de la Haute-Savoie de la cha\u00eene des Aravis du Pays du Mont Blanc en font un fromage de caract\u00e8re unique par ses saveurs autenthiques. A consommer chaud ou froid.<\/p>\n","protected":false},"excerpt":{"rendered":"<p>Les massifs montagneux des d\u00e9partements de la Savoie et de la Haute-Savoie de la cha\u00eene des Aravis du [&hellip;]<\/p>\n","protected":false},"featured_media":100413,"template":"","meta":[],"product_cat":[16],"product_tag":[],"acf":[],"_links":{"self":[{"href":"https:\/\/fromagerie-tourrette.bigfamily.dev\/de\/wp-json\/wp\/v2\/product\/910"}],"collection":[{"href":"https:\/\/fromagerie-tourrette.bigfamily.dev\/de\/wp-json\/wp\/v2\/product"}],"about":[{"href":"https:\/\/fromagerie-tourrette.bigfamily.dev\/de\/wp-json\/wp\/v2\/types\/product"}],"wp:featuredmedia":[{"embeddable":true,"href":"https:\/\/fromagerie-tourrette.bigfamily.dev\/de\/wp-json\/wp\/v2\/media\/100413"}],"wp:attachment":[{"href":"https:\/\/fromagerie-tourrette.bigfamily.dev\/de\/wp-json\/wp\/v2\/media?parent=910"}],"wp:term":[{"taxonomy":"product_cat","embeddable":true,"href":"https:\/\/fromagerie-tourrette.bigfamily.dev\/de\/wp-json\/wp\/v2\/product_cat?post=910"},{"taxonomy":"product_tag","embeddable":true,"href":"https:\/\/fromagerie-tourrette.bigfamily.dev\/de\/wp-json\/wp\/v2\/product_tag?post=910"}],"curies":[{"name":"wp","href":"https:\/\/api.w.org\/{rel}","templated":true}]}}