{"id":90683,"date":"2023-05-23T15:32:26","date_gmt":"2023-05-23T13:32:26","guid":{"rendered":"https:\/\/www.fromagerie-tourrette.com\/?post_type=product&#038;p=90683"},"modified":"2024-03-11T08:06:27","modified_gmt":"2024-03-11T07:06:27","slug":"plateau-8-10-personnes","status":"publish","type":"product","link":"https:\/\/fromagerie-tourrette.bigfamily.dev\/de\/produit\/plateau-8-10-personnes\/","title":{"rendered":"Plateau 8 &#8211; 10 personnes"},"content":{"rendered":"<p><strong>Pour vos commandes de P\u00e2ques : d\u00e9corations et fromages sp\u00e9cial P\u00e2ques<\/strong><\/p>\n<p>S\u00e9lection de fromages affin\u00e9s de saison. Du plus d\u00e9licat au plus cors\u00e9, toutes les familles de fromages sont repr\u00e9sent\u00e9es afin qu&#8217;il y en ait pour tous les go\u00fbts.<\/p>\n<p>Le plateau contient <strong>minimum 8 sortes de fromages<\/strong>,\u00a0pr\u00e9sent\u00e9s sur un plateau en bois r\u00e9utilisable et est accompagn\u00e9 de fleurs de T\u00eate de Moine et d&#8217;\u00e9tiquettes avec les noms des fromages.<\/p>\n<p><strong>Convient pour 8 \u00e0 10 convives en fin de repas, 4 \u00e0 5 convives en repas complet.<\/strong><\/p>\n<p>Pour garantir et pr\u00e9server les qualit\u00e9s tant gustatives que visuelles du plateau, nous vous conseillons de le consommer dans les 48h apr\u00e8s achat. A sortir du frigo 1h avant la d\u00e9gustation.<\/p>\n<p><i>Pensez \u00e0 ramener vos anciens plateaux en boutique, nous\u00a0recyclons les supports en bois ! 1\u20ac de remise imm\u00e9diate sur le montant de vos achats.<\/i><\/p>\n","protected":false},"excerpt":{"rendered":"<p>Pour vos commandes de P\u00e2ques : d\u00e9corations et fromages sp\u00e9cial P\u00e2ques S\u00e9lection de fromages affin\u00e9s de saison. Du [&hellip;]<\/p>\n","protected":false},"featured_media":100892,"template":"","meta":[],"product_cat":[159,156],"product_tag":[],"acf":[],"_links":{"self":[{"href":"https:\/\/fromagerie-tourrette.bigfamily.dev\/de\/wp-json\/wp\/v2\/product\/90683"}],"collection":[{"href":"https:\/\/fromagerie-tourrette.bigfamily.dev\/de\/wp-json\/wp\/v2\/product"}],"about":[{"href":"https:\/\/fromagerie-tourrette.bigfamily.dev\/de\/wp-json\/wp\/v2\/types\/product"}],"wp:featuredmedia":[{"embeddable":true,"href":"https:\/\/fromagerie-tourrette.bigfamily.dev\/de\/wp-json\/wp\/v2\/media\/100892"}],"wp:attachment":[{"href":"https:\/\/fromagerie-tourrette.bigfamily.dev\/de\/wp-json\/wp\/v2\/media?parent=90683"}],"wp:term":[{"taxonomy":"product_cat","embeddable":true,"href":"https:\/\/fromagerie-tourrette.bigfamily.dev\/de\/wp-json\/wp\/v2\/product_cat?post=90683"},{"taxonomy":"product_tag","embeddable":true,"href":"https:\/\/fromagerie-tourrette.bigfamily.dev\/de\/wp-json\/wp\/v2\/product_tag?post=90683"}],"curies":[{"name":"wp","href":"https:\/\/api.w.org\/{rel}","templated":true}]}}