{"id":903,"date":"2018-11-02T10:22:02","date_gmt":"2018-11-02T09:22:02","guid":{"rendered":"http:\/\/shop.fromagerie-tourrette.com\/boutique\/produit\/munster-lait-cru-fermier-aoc\/"},"modified":"2024-01-18T14:26:44","modified_gmt":"2024-01-18T13:26:44","slug":"munster-lait-cru-fermier-aoc","status":"publish","type":"product","link":"https:\/\/fromagerie-tourrette.bigfamily.dev\/de\/produit\/munster-lait-cru-fermier-aoc\/","title":{"rendered":"Munster Lait Cru Fermier AOC"},"content":{"rendered":"<p>Les fromagers, dot\u00e9s d&#8217;un savoir-faire qui se transmet depuis plusieurs g\u00e9n\u00e9rations, se chargent de transformer tous les jours le lait de la traite en v\u00e9ritable Munster Fermier A.O.C.<br \/>\nL&#8217; affinage traditionnel dans des caves nich\u00e9es en pleine montagne va durer trois semaines et conf\u00e9rer au Munster tous les ar\u00f4mes subtils li\u00e9s aux traditions paysannes de la montagne.<\/p>\n","protected":false},"excerpt":{"rendered":"<p>Les fromagers, dot\u00e9s d&#8217;un savoir-faire qui se transmet depuis plusieurs g\u00e9n\u00e9rations, se chargent de transformer tous les jours [&hellip;]<\/p>\n","protected":false},"featured_media":16126,"template":"","meta":[],"product_cat":[16],"product_tag":[],"acf":[],"_links":{"self":[{"href":"https:\/\/fromagerie-tourrette.bigfamily.dev\/de\/wp-json\/wp\/v2\/product\/903"}],"collection":[{"href":"https:\/\/fromagerie-tourrette.bigfamily.dev\/de\/wp-json\/wp\/v2\/product"}],"about":[{"href":"https:\/\/fromagerie-tourrette.bigfamily.dev\/de\/wp-json\/wp\/v2\/types\/product"}],"wp:featuredmedia":[{"embeddable":true,"href":"https:\/\/fromagerie-tourrette.bigfamily.dev\/de\/wp-json\/wp\/v2\/media\/16126"}],"wp:attachment":[{"href":"https:\/\/fromagerie-tourrette.bigfamily.dev\/de\/wp-json\/wp\/v2\/media?parent=903"}],"wp:term":[{"taxonomy":"product_cat","embeddable":true,"href":"https:\/\/fromagerie-tourrette.bigfamily.dev\/de\/wp-json\/wp\/v2\/product_cat?post=903"},{"taxonomy":"product_tag","embeddable":true,"href":"https:\/\/fromagerie-tourrette.bigfamily.dev\/de\/wp-json\/wp\/v2\/product_tag?post=903"}],"curies":[{"name":"wp","href":"https:\/\/api.w.org\/{rel}","templated":true}]}}