{"id":900,"date":"2018-11-02T10:21:51","date_gmt":"2018-11-02T09:21:51","guid":{"rendered":"http:\/\/shop.fromagerie-tourrette.com\/boutique\/produit\/maroilles-pave-fermier-aop\/"},"modified":"2024-01-18T14:27:17","modified_gmt":"2024-01-18T13:27:17","slug":"maroilles-pave-fermier-aop","status":"publish","type":"product","link":"https:\/\/fromagerie-tourrette.bigfamily.dev\/de\/produit\/maroilles-pave-fermier-aop\/","title":{"rendered":"Maroilles pav\u00e9 fermier AOP"},"content":{"rendered":"<p>Fromage typique du Nord. De forme carr\u00e9e et assez \u00e9pais, il est id\u00e9al pour la cuisine. Son go\u00fbt est puissant sa p\u00e2te est souple et devient plus ferme en son coeur.<\/p>\n","protected":false},"excerpt":{"rendered":"<p>Fromage typique du Nord. De forme carr\u00e9e et assez \u00e9pais, il est id\u00e9al pour la cuisine. Son go\u00fbt [&hellip;]<\/p>\n","protected":false},"featured_media":16135,"template":"","meta":[],"product_cat":[16],"product_tag":[],"acf":[],"_links":{"self":[{"href":"https:\/\/fromagerie-tourrette.bigfamily.dev\/de\/wp-json\/wp\/v2\/product\/900"}],"collection":[{"href":"https:\/\/fromagerie-tourrette.bigfamily.dev\/de\/wp-json\/wp\/v2\/product"}],"about":[{"href":"https:\/\/fromagerie-tourrette.bigfamily.dev\/de\/wp-json\/wp\/v2\/types\/product"}],"wp:featuredmedia":[{"embeddable":true,"href":"https:\/\/fromagerie-tourrette.bigfamily.dev\/de\/wp-json\/wp\/v2\/media\/16135"}],"wp:attachment":[{"href":"https:\/\/fromagerie-tourrette.bigfamily.dev\/de\/wp-json\/wp\/v2\/media?parent=900"}],"wp:term":[{"taxonomy":"product_cat","embeddable":true,"href":"https:\/\/fromagerie-tourrette.bigfamily.dev\/de\/wp-json\/wp\/v2\/product_cat?post=900"},{"taxonomy":"product_tag","embeddable":true,"href":"https:\/\/fromagerie-tourrette.bigfamily.dev\/de\/wp-json\/wp\/v2\/product_tag?post=900"}],"curies":[{"name":"wp","href":"https:\/\/api.w.org\/{rel}","templated":true}]}}