{"id":895,"date":"2018-11-02T10:21:34","date_gmt":"2018-11-02T09:21:34","guid":{"rendered":"http:\/\/shop.fromagerie-tourrette.com\/boutique\/produit\/langres-aop\/"},"modified":"2024-01-18T14:27:49","modified_gmt":"2024-01-18T13:27:49","slug":"langres-aop","status":"publish","type":"product","link":"https:\/\/fromagerie-tourrette.bigfamily.dev\/de\/produit\/langres-aop\/","title":{"rendered":"Langres AOP"},"content":{"rendered":"<p>De la famille des p\u00e2tes molles \u00e0 cro\u00fbte lav\u00e9e, le Langres se reconna\u00eet facilement \u00e0 la cavit\u00e9, appel\u00e9e \u201cfontaine\u201d, qui se creuse sur sa face sup\u00e9rieure. Ce fromage AOP est affin\u00e9 selon une m\u00e9thode exigeante de \u201cfrottages\u201d successifs qui lui donnent sa belle couleur orang\u00e9e. Par son caract\u00e8re particulier, puissant au nez mais doux en bouche, il termine \u00e0 merveille un repas.<\/p>\n","protected":false},"excerpt":{"rendered":"<p>De la famille des p\u00e2tes molles \u00e0 cro\u00fbte lav\u00e9e, le Langres se reconna\u00eet facilement \u00e0 la cavit\u00e9, appel\u00e9e [&hellip;]<\/p>\n","protected":false},"featured_media":16144,"template":"","meta":[],"product_cat":[16],"product_tag":[],"acf":[],"_links":{"self":[{"href":"https:\/\/fromagerie-tourrette.bigfamily.dev\/de\/wp-json\/wp\/v2\/product\/895"}],"collection":[{"href":"https:\/\/fromagerie-tourrette.bigfamily.dev\/de\/wp-json\/wp\/v2\/product"}],"about":[{"href":"https:\/\/fromagerie-tourrette.bigfamily.dev\/de\/wp-json\/wp\/v2\/types\/product"}],"wp:featuredmedia":[{"embeddable":true,"href":"https:\/\/fromagerie-tourrette.bigfamily.dev\/de\/wp-json\/wp\/v2\/media\/16144"}],"wp:attachment":[{"href":"https:\/\/fromagerie-tourrette.bigfamily.dev\/de\/wp-json\/wp\/v2\/media?parent=895"}],"wp:term":[{"taxonomy":"product_cat","embeddable":true,"href":"https:\/\/fromagerie-tourrette.bigfamily.dev\/de\/wp-json\/wp\/v2\/product_cat?post=895"},{"taxonomy":"product_tag","embeddable":true,"href":"https:\/\/fromagerie-tourrette.bigfamily.dev\/de\/wp-json\/wp\/v2\/product_tag?post=895"}],"curies":[{"name":"wp","href":"https:\/\/api.w.org\/{rel}","templated":true}]}}