{"id":892,"date":"2018-11-02T10:21:23","date_gmt":"2018-11-02T09:21:23","guid":{"rendered":"http:\/\/shop.fromagerie-tourrette.com\/boutique\/produit\/epoisse-fermier-aop\/"},"modified":"2022-03-23T15:27:53","modified_gmt":"2022-03-23T14:27:53","slug":"epoisse-fermier-aop","status":"publish","type":"product","link":"https:\/\/fromagerie-tourrette.bigfamily.dev\/de\/produit\/epoisse-fermier-aop\/","title":{"rendered":"Epoisse Fermier AOP"},"content":{"rendered":"<p>R\u00e9guli\u00e8rement lav\u00e9 au marc de bourgogne et \u00e0 l\u2019eau sal\u00e9e durant son affinage en cave humide, cette d\u00e9licieuse sp\u00e9cialit\u00e9 fondante de Bourgogne prendra une belle couleur orang\u00e9e due \u00e0 la pigmentation naturelle de ses ferments. Celui ci doit \u00eatre d\u00e9gust\u00e9 \u00e0 la cuill\u00e8re : en effet, c\u2019est le seul moyen de s\u2019assurer de son affinage, car, trop ferme, il pourrait \u00eatre p\u00eequant. Son go\u00fbt est tr\u00e8s marqu\u00e9 et puissant, il faudra le consommer en fin de d\u00e9gustation.<\/p>\n","protected":false},"excerpt":{"rendered":"<p>R\u00e9guli\u00e8rement lav\u00e9 au marc de bourgogne et \u00e0 l\u2019eau sal\u00e9e durant son affinage en cave humide, cette d\u00e9licieuse [&hellip;]<\/p>\n","protected":false},"featured_media":16147,"template":"","meta":[],"product_cat":[16],"product_tag":[],"acf":[],"_links":{"self":[{"href":"https:\/\/fromagerie-tourrette.bigfamily.dev\/de\/wp-json\/wp\/v2\/product\/892"}],"collection":[{"href":"https:\/\/fromagerie-tourrette.bigfamily.dev\/de\/wp-json\/wp\/v2\/product"}],"about":[{"href":"https:\/\/fromagerie-tourrette.bigfamily.dev\/de\/wp-json\/wp\/v2\/types\/product"}],"wp:featuredmedia":[{"embeddable":true,"href":"https:\/\/fromagerie-tourrette.bigfamily.dev\/de\/wp-json\/wp\/v2\/media\/16147"}],"wp:attachment":[{"href":"https:\/\/fromagerie-tourrette.bigfamily.dev\/de\/wp-json\/wp\/v2\/media?parent=892"}],"wp:term":[{"taxonomy":"product_cat","embeddable":true,"href":"https:\/\/fromagerie-tourrette.bigfamily.dev\/de\/wp-json\/wp\/v2\/product_cat?post=892"},{"taxonomy":"product_tag","embeddable":true,"href":"https:\/\/fromagerie-tourrette.bigfamily.dev\/de\/wp-json\/wp\/v2\/product_tag?post=892"}],"curies":[{"name":"wp","href":"https:\/\/api.w.org\/{rel}","templated":true}]}}