{"id":889,"date":"2018-11-02T10:21:08","date_gmt":"2018-11-02T09:21:08","guid":{"rendered":"http:\/\/shop.fromagerie-tourrette.com\/boutique\/produit\/chti-roux-a-la-biere\/"},"modified":"2023-05-31T10:07:31","modified_gmt":"2023-05-31T08:07:31","slug":"chti-roux-a-la-biere","status":"publish","type":"product","link":"https:\/\/fromagerie-tourrette.bigfamily.dev\/de\/produit\/chti-roux-a-la-biere\/","title":{"rendered":"Ch&#8217;Ti Roux \u00e0 la bi\u00e8re"},"content":{"rendered":"<p>Comme pour le Cap Gris Nez et le sabl\u00e9 de Wissant, notre producteur fermier travaille le lait de vache cru en le chauffant, apr\u00e8s l&#8217;avoir collect\u00e9 dans 2 fermes voisines. C\u2019est un fromage tr\u00e8s typ\u00e9 et qui a un go\u00fbt tr\u00e8s prononc\u00e9 en bouche\u2026inutile de le nier\u2026.proche du Maroilles et du Herve<\/p>\n","protected":false},"excerpt":{"rendered":"<p>Comme pour le Cap Gris Nez et le sabl\u00e9 de Wissant, notre producteur fermier travaille le lait de [&hellip;]<\/p>\n","protected":false},"featured_media":16153,"template":"","meta":[],"product_cat":[16],"product_tag":[],"acf":[],"_links":{"self":[{"href":"https:\/\/fromagerie-tourrette.bigfamily.dev\/de\/wp-json\/wp\/v2\/product\/889"}],"collection":[{"href":"https:\/\/fromagerie-tourrette.bigfamily.dev\/de\/wp-json\/wp\/v2\/product"}],"about":[{"href":"https:\/\/fromagerie-tourrette.bigfamily.dev\/de\/wp-json\/wp\/v2\/types\/product"}],"wp:featuredmedia":[{"embeddable":true,"href":"https:\/\/fromagerie-tourrette.bigfamily.dev\/de\/wp-json\/wp\/v2\/media\/16153"}],"wp:attachment":[{"href":"https:\/\/fromagerie-tourrette.bigfamily.dev\/de\/wp-json\/wp\/v2\/media?parent=889"}],"wp:term":[{"taxonomy":"product_cat","embeddable":true,"href":"https:\/\/fromagerie-tourrette.bigfamily.dev\/de\/wp-json\/wp\/v2\/product_cat?post=889"},{"taxonomy":"product_tag","embeddable":true,"href":"https:\/\/fromagerie-tourrette.bigfamily.dev\/de\/wp-json\/wp\/v2\/product_tag?post=889"}],"curies":[{"name":"wp","href":"https:\/\/api.w.org\/{rel}","templated":true}]}}