{"id":884,"date":"2018-11-02T10:20:49","date_gmt":"2018-11-02T09:20:49","guid":{"rendered":"http:\/\/shop.fromagerie-tourrette.com\/boutique\/produit\/boulette-davesnes-au-paprika\/"},"modified":"2024-01-18T14:28:57","modified_gmt":"2024-01-18T13:28:57","slug":"boulette-davesnes-au-paprika","status":"publish","type":"product","link":"https:\/\/fromagerie-tourrette.bigfamily.dev\/de\/produit\/boulette-davesnes-au-paprika\/","title":{"rendered":"Boulette d&#8217;Avesnes au paprika"},"content":{"rendered":"<p>Sp\u00e9cialit\u00e9 du Nord de la France, la p\u00e2te est ensuite aromatis\u00e9e aux herbes, notamment \u00e0 l\u2019estragon, roul\u00e9e dans la bi\u00e8re, puis enrob\u00e9e de paprika. Il est affin\u00e9 durant 8 \u00e0 14 semaines. Seule sa fabrication au lait cru lui garantit au terme de son affinage, une excellente digestibilit\u00e9, ce qui est internationalement reconnu. Go\u00fbt tr\u00e8s intense.<\/p>\n","protected":false},"excerpt":{"rendered":"<p>Sp\u00e9cialit\u00e9 du Nord de la France, la p\u00e2te est ensuite aromatis\u00e9e aux herbes, notamment \u00e0 l\u2019estragon, roul\u00e9e dans [&hellip;]<\/p>\n","protected":false},"featured_media":16162,"template":"","meta":[],"product_cat":[16],"product_tag":[],"acf":[],"_links":{"self":[{"href":"https:\/\/fromagerie-tourrette.bigfamily.dev\/de\/wp-json\/wp\/v2\/product\/884"}],"collection":[{"href":"https:\/\/fromagerie-tourrette.bigfamily.dev\/de\/wp-json\/wp\/v2\/product"}],"about":[{"href":"https:\/\/fromagerie-tourrette.bigfamily.dev\/de\/wp-json\/wp\/v2\/types\/product"}],"wp:featuredmedia":[{"embeddable":true,"href":"https:\/\/fromagerie-tourrette.bigfamily.dev\/de\/wp-json\/wp\/v2\/media\/16162"}],"wp:attachment":[{"href":"https:\/\/fromagerie-tourrette.bigfamily.dev\/de\/wp-json\/wp\/v2\/media?parent=884"}],"wp:term":[{"taxonomy":"product_cat","embeddable":true,"href":"https:\/\/fromagerie-tourrette.bigfamily.dev\/de\/wp-json\/wp\/v2\/product_cat?post=884"},{"taxonomy":"product_tag","embeddable":true,"href":"https:\/\/fromagerie-tourrette.bigfamily.dev\/de\/wp-json\/wp\/v2\/product_tag?post=884"}],"curies":[{"name":"wp","href":"https:\/\/api.w.org\/{rel}","templated":true}]}}