{"id":8763,"date":"2020-12-16T09:56:24","date_gmt":"2020-12-16T08:56:24","guid":{"rendered":"https:\/\/www.fromagerie-tourrette.com\/?post_type=product&#038;p=8763"},"modified":"2024-02-07T13:48:44","modified_gmt":"2024-02-07T12:48:44","slug":"pesto-ail-des-ours","status":"publish","type":"product","link":"https:\/\/fromagerie-tourrette.bigfamily.dev\/de\/produit\/pesto-ail-des-ours\/","title":{"rendered":"Pesto ail des ours"},"content":{"rendered":"<p>Pesto ail des ours fabriqu\u00e9 dans une ferme alsacienne certifi\u00e9e AB qui agr\u00e9mentera parfaitement vos fondues ou vos p\u00e2tes.<\/p>\n<p>Pot de 106ml<\/p>\n","protected":false},"excerpt":{"rendered":"<p>Pesto ail des ours fabriqu\u00e9 dans une ferme alsacienne certifi\u00e9e AB qui agr\u00e9mentera parfaitement vos fondues ou vos [&hellip;]<\/p>\n","protected":false},"featured_media":100387,"template":"","meta":[],"product_cat":[169,182,165],"product_tag":[],"acf":[],"_links":{"self":[{"href":"https:\/\/fromagerie-tourrette.bigfamily.dev\/de\/wp-json\/wp\/v2\/product\/8763"}],"collection":[{"href":"https:\/\/fromagerie-tourrette.bigfamily.dev\/de\/wp-json\/wp\/v2\/product"}],"about":[{"href":"https:\/\/fromagerie-tourrette.bigfamily.dev\/de\/wp-json\/wp\/v2\/types\/product"}],"wp:featuredmedia":[{"embeddable":true,"href":"https:\/\/fromagerie-tourrette.bigfamily.dev\/de\/wp-json\/wp\/v2\/media\/100387"}],"wp:attachment":[{"href":"https:\/\/fromagerie-tourrette.bigfamily.dev\/de\/wp-json\/wp\/v2\/media?parent=8763"}],"wp:term":[{"taxonomy":"product_cat","embeddable":true,"href":"https:\/\/fromagerie-tourrette.bigfamily.dev\/de\/wp-json\/wp\/v2\/product_cat?post=8763"},{"taxonomy":"product_tag","embeddable":true,"href":"https:\/\/fromagerie-tourrette.bigfamily.dev\/de\/wp-json\/wp\/v2\/product_tag?post=8763"}],"curies":[{"name":"wp","href":"https:\/\/api.w.org\/{rel}","templated":true}]}}