{"id":874,"date":"2018-11-02T10:20:18","date_gmt":"2018-11-02T09:20:18","guid":{"rendered":"http:\/\/shop.fromagerie-tourrette.com\/boutique\/produit\/olivet-au-poivre\/"},"modified":"2024-02-08T09:10:01","modified_gmt":"2024-02-08T08:10:01","slug":"olivet-au-poivre","status":"publish","type":"product","link":"https:\/\/fromagerie-tourrette.bigfamily.dev\/de\/produit\/olivet-au-poivre\/","title":{"rendered":"Olivet au poivre"},"content":{"rendered":"<p>L\u2019olivet au poivre est une sp\u00e9cialit\u00e9 au lait de vache et aromatis\u00e9e au poivre. C\u2019est un produit de terroir typique, dont l\u2019intensit\u00e9 n\u2019est pas tr\u00e8s forte. Dans une d\u00e9gustation, son r\u00f4le sera d\u2019effacer les go\u00fbts caprins pr\u00e9c\u00e9dents et pr\u00e9parera le palais \u00e0 des saveurs plus marqu\u00e9es.<\/p>\n","protected":false},"excerpt":{"rendered":"<p>L\u2019olivet au poivre est une sp\u00e9cialit\u00e9 au lait de vache et aromatis\u00e9e au poivre. C\u2019est un produit de [&hellip;]<\/p>\n","protected":false},"featured_media":100410,"template":"","meta":[],"product_cat":[16],"product_tag":[],"acf":[],"_links":{"self":[{"href":"https:\/\/fromagerie-tourrette.bigfamily.dev\/de\/wp-json\/wp\/v2\/product\/874"}],"collection":[{"href":"https:\/\/fromagerie-tourrette.bigfamily.dev\/de\/wp-json\/wp\/v2\/product"}],"about":[{"href":"https:\/\/fromagerie-tourrette.bigfamily.dev\/de\/wp-json\/wp\/v2\/types\/product"}],"wp:featuredmedia":[{"embeddable":true,"href":"https:\/\/fromagerie-tourrette.bigfamily.dev\/de\/wp-json\/wp\/v2\/media\/100410"}],"wp:attachment":[{"href":"https:\/\/fromagerie-tourrette.bigfamily.dev\/de\/wp-json\/wp\/v2\/media?parent=874"}],"wp:term":[{"taxonomy":"product_cat","embeddable":true,"href":"https:\/\/fromagerie-tourrette.bigfamily.dev\/de\/wp-json\/wp\/v2\/product_cat?post=874"},{"taxonomy":"product_tag","embeddable":true,"href":"https:\/\/fromagerie-tourrette.bigfamily.dev\/de\/wp-json\/wp\/v2\/product_tag?post=874"}],"curies":[{"name":"wp","href":"https:\/\/api.w.org\/{rel}","templated":true}]}}