{"id":871,"date":"2018-11-02T10:20:09","date_gmt":"2018-11-02T09:20:09","guid":{"rendered":"http:\/\/shop.fromagerie-tourrette.com\/boutique\/produit\/neufchatel-aop\/"},"modified":"2022-01-28T11:04:08","modified_gmt":"2022-01-28T10:04:08","slug":"neufchatel-aop","status":"publish","type":"product","link":"https:\/\/fromagerie-tourrette.bigfamily.dev\/de\/produit\/neufchatel-aop\/","title":{"rendered":"Neufchatel AOP"},"content":{"rendered":"<p>Fromage en forme de coeur, \u00e0 p\u00e2te molle et \u00e0 cro\u00fbte fleurie. Se consomme dans l&#8217;\u00e9tat, avec la cro\u00fbte, et reste compatible avec quelconque usage en cuisson.<\/p>\n","protected":false},"excerpt":{"rendered":"<p>Fromage en forme de coeur, \u00e0 p\u00e2te molle et \u00e0 cro\u00fbte fleurie. Se consomme dans l&#8217;\u00e9tat, avec la [&hellip;]<\/p>\n","protected":false},"featured_media":16177,"template":"","meta":[],"product_cat":[16],"product_tag":[],"acf":[],"_links":{"self":[{"href":"https:\/\/fromagerie-tourrette.bigfamily.dev\/de\/wp-json\/wp\/v2\/product\/871"}],"collection":[{"href":"https:\/\/fromagerie-tourrette.bigfamily.dev\/de\/wp-json\/wp\/v2\/product"}],"about":[{"href":"https:\/\/fromagerie-tourrette.bigfamily.dev\/de\/wp-json\/wp\/v2\/types\/product"}],"wp:featuredmedia":[{"embeddable":true,"href":"https:\/\/fromagerie-tourrette.bigfamily.dev\/de\/wp-json\/wp\/v2\/media\/16177"}],"wp:attachment":[{"href":"https:\/\/fromagerie-tourrette.bigfamily.dev\/de\/wp-json\/wp\/v2\/media?parent=871"}],"wp:term":[{"taxonomy":"product_cat","embeddable":true,"href":"https:\/\/fromagerie-tourrette.bigfamily.dev\/de\/wp-json\/wp\/v2\/product_cat?post=871"},{"taxonomy":"product_tag","embeddable":true,"href":"https:\/\/fromagerie-tourrette.bigfamily.dev\/de\/wp-json\/wp\/v2\/product_tag?post=871"}],"curies":[{"name":"wp","href":"https:\/\/api.w.org\/{rel}","templated":true}]}}