{"id":8707,"date":"2020-12-15T10:14:48","date_gmt":"2020-12-15T09:14:48","guid":{"rendered":"https:\/\/www.fromagerie-tourrette.com\/?post_type=product&#038;p=8707"},"modified":"2024-01-31T09:51:55","modified_gmt":"2024-01-31T08:51:55","slug":"brie-a-la-truffe","status":"publish","type":"product","link":"https:\/\/fromagerie-tourrette.bigfamily.dev\/de\/produit\/brie-a-la-truffe\/","title":{"rendered":"Brie \u00e0 la truffe"},"content":{"rendered":"<p>Brie de Meaux fermier au lait cru de vache garni en son centre de truffe noire du P\u00e9rigord (3%). Les puissants ar\u00f4mes de truffes se d\u00e9veloppent lors de l&#8217;affinage en cave pour en faire un fromage d&#8217;exception qui sera \u00e0 la hauteur de toutes vos occasions.<\/p>\n<p>Portion de 200g<\/p>\n<p>&nbsp;<\/p>\n","protected":false},"excerpt":{"rendered":"<p>Brie de Meaux fermier au lait cru de vache garni en son centre de truffe noire du P\u00e9rigord [&hellip;]<\/p>\n","protected":false},"featured_media":100219,"template":"","meta":[],"product_cat":[16],"product_tag":[],"acf":[],"_links":{"self":[{"href":"https:\/\/fromagerie-tourrette.bigfamily.dev\/de\/wp-json\/wp\/v2\/product\/8707"}],"collection":[{"href":"https:\/\/fromagerie-tourrette.bigfamily.dev\/de\/wp-json\/wp\/v2\/product"}],"about":[{"href":"https:\/\/fromagerie-tourrette.bigfamily.dev\/de\/wp-json\/wp\/v2\/types\/product"}],"wp:featuredmedia":[{"embeddable":true,"href":"https:\/\/fromagerie-tourrette.bigfamily.dev\/de\/wp-json\/wp\/v2\/media\/100219"}],"wp:attachment":[{"href":"https:\/\/fromagerie-tourrette.bigfamily.dev\/de\/wp-json\/wp\/v2\/media?parent=8707"}],"wp:term":[{"taxonomy":"product_cat","embeddable":true,"href":"https:\/\/fromagerie-tourrette.bigfamily.dev\/de\/wp-json\/wp\/v2\/product_cat?post=8707"},{"taxonomy":"product_tag","embeddable":true,"href":"https:\/\/fromagerie-tourrette.bigfamily.dev\/de\/wp-json\/wp\/v2\/product_tag?post=8707"}],"curies":[{"name":"wp","href":"https:\/\/api.w.org\/{rel}","templated":true}]}}