{"id":860,"date":"2018-11-02T10:19:31","date_gmt":"2018-11-02T09:19:31","guid":{"rendered":"http:\/\/shop.fromagerie-tourrette.com\/boutique\/produit\/coulommier-moule-a-la-main-aop-2\/"},"modified":"2024-02-02T08:44:10","modified_gmt":"2024-02-02T07:44:10","slug":"coulommier-moule-a-la-main-aop-2","status":"publish","type":"product","link":"https:\/\/fromagerie-tourrette.bigfamily.dev\/de\/produit\/coulommier-moule-a-la-main-aop-2\/","title":{"rendered":"Coulommier Moul\u00e9 \u00e0 la main AOP"},"content":{"rendered":"<p>Le Coulommiers est un fromage qui a pris le nom d\u2019un important march\u00e9 local. Sa fleur doit \u00eatre duveteuse, son toucher moelleux et une faible ligne de craie doit persister en son milieu, ce qui lui conf\u00e8rera ainsi un go\u00fbt l\u00e9g\u00e8rement acidul\u00e9.<\/p>\n","protected":false},"excerpt":{"rendered":"<p>Le Coulommiers est un fromage qui a pris le nom d\u2019un important march\u00e9 local. Sa fleur doit \u00eatre [&hellip;]<\/p>\n","protected":false},"featured_media":100256,"template":"","meta":[],"product_cat":[16],"product_tag":[],"acf":[],"_links":{"self":[{"href":"https:\/\/fromagerie-tourrette.bigfamily.dev\/de\/wp-json\/wp\/v2\/product\/860"}],"collection":[{"href":"https:\/\/fromagerie-tourrette.bigfamily.dev\/de\/wp-json\/wp\/v2\/product"}],"about":[{"href":"https:\/\/fromagerie-tourrette.bigfamily.dev\/de\/wp-json\/wp\/v2\/types\/product"}],"wp:featuredmedia":[{"embeddable":true,"href":"https:\/\/fromagerie-tourrette.bigfamily.dev\/de\/wp-json\/wp\/v2\/media\/100256"}],"wp:attachment":[{"href":"https:\/\/fromagerie-tourrette.bigfamily.dev\/de\/wp-json\/wp\/v2\/media?parent=860"}],"wp:term":[{"taxonomy":"product_cat","embeddable":true,"href":"https:\/\/fromagerie-tourrette.bigfamily.dev\/de\/wp-json\/wp\/v2\/product_cat?post=860"},{"taxonomy":"product_tag","embeddable":true,"href":"https:\/\/fromagerie-tourrette.bigfamily.dev\/de\/wp-json\/wp\/v2\/product_tag?post=860"}],"curies":[{"name":"wp","href":"https:\/\/api.w.org\/{rel}","templated":true}]}}