{"id":858,"date":"2018-11-02T10:19:22","date_gmt":"2018-11-02T09:19:22","guid":{"rendered":"http:\/\/shop.fromagerie-tourrette.com\/boutique\/produit\/chaource-fermier-aop-2\/"},"modified":"2023-05-31T10:08:06","modified_gmt":"2023-05-31T08:08:06","slug":"chaource-fermier-aop-2","status":"publish","type":"product","link":"https:\/\/fromagerie-tourrette.bigfamily.dev\/de\/produit\/chaource-fermier-aop-2\/","title":{"rendered":"Chaource Fermier AOP"},"content":{"rendered":"<p>Sa p\u00e2te, sal\u00e9e au sel sec, est onctueuse, souple et assez ferme \u00e0 la fois. Il a la particularit\u00e9 de pr\u00e9senter un affinage centrip\u00e8te faisant ressortir au fil du temps le contraste entre son pourtour cr\u00e9meux et la texture fine et l\u00e9g\u00e8rement granuleuse du coeur. Il d\u00e9gage une l\u00e9g\u00e8re odeur de champignon et peut d\u00e9velopper des ar\u00f4mes fruit\u00e9s, dont la noisette, et un go\u00fbt l\u00e9ger de champignon frais.<\/p>\n","protected":false},"excerpt":{"rendered":"<p>Sa p\u00e2te, sal\u00e9e au sel sec, est onctueuse, souple et assez ferme \u00e0 la fois. Il a la [&hellip;]<\/p>\n","protected":false},"featured_media":16189,"template":"","meta":[],"product_cat":[16],"product_tag":[],"acf":[],"_links":{"self":[{"href":"https:\/\/fromagerie-tourrette.bigfamily.dev\/de\/wp-json\/wp\/v2\/product\/858"}],"collection":[{"href":"https:\/\/fromagerie-tourrette.bigfamily.dev\/de\/wp-json\/wp\/v2\/product"}],"about":[{"href":"https:\/\/fromagerie-tourrette.bigfamily.dev\/de\/wp-json\/wp\/v2\/types\/product"}],"wp:featuredmedia":[{"embeddable":true,"href":"https:\/\/fromagerie-tourrette.bigfamily.dev\/de\/wp-json\/wp\/v2\/media\/16189"}],"wp:attachment":[{"href":"https:\/\/fromagerie-tourrette.bigfamily.dev\/de\/wp-json\/wp\/v2\/media?parent=858"}],"wp:term":[{"taxonomy":"product_cat","embeddable":true,"href":"https:\/\/fromagerie-tourrette.bigfamily.dev\/de\/wp-json\/wp\/v2\/product_cat?post=858"},{"taxonomy":"product_tag","embeddable":true,"href":"https:\/\/fromagerie-tourrette.bigfamily.dev\/de\/wp-json\/wp\/v2\/product_tag?post=858"}],"curies":[{"name":"wp","href":"https:\/\/api.w.org\/{rel}","templated":true}]}}