{"id":855,"date":"2018-11-02T10:19:10","date_gmt":"2018-11-02T09:19:10","guid":{"rendered":"http:\/\/shop.fromagerie-tourrette.com\/boutique\/produit\/camembert-de-normandie-aop\/"},"modified":"2023-12-18T11:21:33","modified_gmt":"2023-12-18T10:21:33","slug":"camembert-de-normandie-aop","status":"publish","type":"product","link":"https:\/\/fromagerie-tourrette.bigfamily.dev\/de\/produit\/camembert-de-normandie-aop\/","title":{"rendered":"Camembert de Normandie AOP"},"content":{"rendered":"<p>Fromage de r\u00e9f\u00e9rence de la tradition fran\u00e7aise. Il esr de forme cylindrique \u00e0 p\u00e2te molle et \u00e0 cro\u00fbte fleurie, et moul\u00e9 \u00e0 la louche \u00e0 la main. Il se consomme en l&#8217;\u00e9tat, avec la cro\u00fbte et reste compatible avec quelconque usage en cuisson.<\/p>\n","protected":false},"excerpt":{"rendered":"<p>Fromage de r\u00e9f\u00e9rence de la tradition fran\u00e7aise. Il esr de forme cylindrique \u00e0 p\u00e2te molle et \u00e0 cro\u00fbte [&hellip;]<\/p>\n","protected":false},"featured_media":16195,"template":"","meta":[],"product_cat":[16],"product_tag":[],"acf":[],"_links":{"self":[{"href":"https:\/\/fromagerie-tourrette.bigfamily.dev\/de\/wp-json\/wp\/v2\/product\/855"}],"collection":[{"href":"https:\/\/fromagerie-tourrette.bigfamily.dev\/de\/wp-json\/wp\/v2\/product"}],"about":[{"href":"https:\/\/fromagerie-tourrette.bigfamily.dev\/de\/wp-json\/wp\/v2\/types\/product"}],"wp:featuredmedia":[{"embeddable":true,"href":"https:\/\/fromagerie-tourrette.bigfamily.dev\/de\/wp-json\/wp\/v2\/media\/16195"}],"wp:attachment":[{"href":"https:\/\/fromagerie-tourrette.bigfamily.dev\/de\/wp-json\/wp\/v2\/media?parent=855"}],"wp:term":[{"taxonomy":"product_cat","embeddable":true,"href":"https:\/\/fromagerie-tourrette.bigfamily.dev\/de\/wp-json\/wp\/v2\/product_cat?post=855"},{"taxonomy":"product_tag","embeddable":true,"href":"https:\/\/fromagerie-tourrette.bigfamily.dev\/de\/wp-json\/wp\/v2\/product_tag?post=855"}],"curies":[{"name":"wp","href":"https:\/\/api.w.org\/{rel}","templated":true}]}}