{"id":852,"date":"2018-11-02T10:18:58","date_gmt":"2018-11-02T09:18:58","guid":{"rendered":"http:\/\/shop.fromagerie-tourrette.com\/boutique\/produit\/brie-de-meaux-entier-lait-cru-aop\/"},"modified":"2024-02-08T10:44:14","modified_gmt":"2024-02-08T09:44:14","slug":"brie-de-meaux-entier-lait-cru-aop","status":"publish","type":"product","link":"https:\/\/fromagerie-tourrette.bigfamily.dev\/de\/produit\/brie-de-meaux-entier-lait-cru-aop\/","title":{"rendered":"Brie de Meaux AOP"},"content":{"rendered":"<p>Le brie de Meaux est un fromage au lait cru de vache AOP, de forme cylindrique et plat. Il est traditionnellement moul\u00e9 \u00e0 l\u2019aide d\u2019une \u00ab\u00a0pelle \u00e0 brie\u00a0\u00bb. Son affinage est lent et r\u00e9gulier pendant 4 semaines au minimum. Notre Brie est certifi\u00e9 sans OGM ! Pour sa consommation, le fromage doit \u00eatre au moins affin\u00e9 sur la moiti\u00e9 de son \u00e9paisseur.<\/p>\n","protected":false},"excerpt":{"rendered":"<p>Le brie de Meaux est un fromage au lait cru de vache AOP, de forme cylindrique et plat. [&hellip;]<\/p>\n","protected":false},"featured_media":100435,"template":"","meta":[],"product_cat":[16],"product_tag":[],"acf":[],"_links":{"self":[{"href":"https:\/\/fromagerie-tourrette.bigfamily.dev\/de\/wp-json\/wp\/v2\/product\/852"}],"collection":[{"href":"https:\/\/fromagerie-tourrette.bigfamily.dev\/de\/wp-json\/wp\/v2\/product"}],"about":[{"href":"https:\/\/fromagerie-tourrette.bigfamily.dev\/de\/wp-json\/wp\/v2\/types\/product"}],"wp:featuredmedia":[{"embeddable":true,"href":"https:\/\/fromagerie-tourrette.bigfamily.dev\/de\/wp-json\/wp\/v2\/media\/100435"}],"wp:attachment":[{"href":"https:\/\/fromagerie-tourrette.bigfamily.dev\/de\/wp-json\/wp\/v2\/media?parent=852"}],"wp:term":[{"taxonomy":"product_cat","embeddable":true,"href":"https:\/\/fromagerie-tourrette.bigfamily.dev\/de\/wp-json\/wp\/v2\/product_cat?post=852"},{"taxonomy":"product_tag","embeddable":true,"href":"https:\/\/fromagerie-tourrette.bigfamily.dev\/de\/wp-json\/wp\/v2\/product_tag?post=852"}],"curies":[{"name":"wp","href":"https:\/\/api.w.org\/{rel}","templated":true}]}}