{"id":848,"date":"2018-11-02T10:18:38","date_gmt":"2018-11-02T09:18:38","guid":{"rendered":"http:\/\/shop.fromagerie-tourrette.com\/boutique\/produit\/pierre-qui-vire\/"},"modified":"2023-01-19T11:50:27","modified_gmt":"2023-01-19T10:50:27","slug":"pierre-qui-vire","status":"publish","type":"product","link":"https:\/\/fromagerie-tourrette.bigfamily.dev\/de\/produit\/pierre-qui-vire\/","title":{"rendered":"Pierre Qui Vire"},"content":{"rendered":"<p>Ce fromage doit son nom au lieu dit o\u00f9 le monast\u00e8re est implant\u00e9 depuis 1850, \u00e0 proximit\u00e9 d&#8217;un dolmen : &#8220;La pierre qui vire&#8221;. Une p\u00e2te fra\u00eecche, blanche et ferme, dont la cro\u00fbte orang\u00e9e peut se couvrir de moisissures bleut\u00e9es apr\u00e8s affinage.<\/p>\n","protected":false},"excerpt":{"rendered":"<p>Ce fromage doit son nom au lieu dit o\u00f9 le monast\u00e8re est implant\u00e9 depuis 1850, \u00e0 proximit\u00e9 d&#8217;un [&hellip;]<\/p>\n","protected":false},"featured_media":16207,"template":"","meta":[],"product_cat":[16],"product_tag":[],"acf":[],"_links":{"self":[{"href":"https:\/\/fromagerie-tourrette.bigfamily.dev\/de\/wp-json\/wp\/v2\/product\/848"}],"collection":[{"href":"https:\/\/fromagerie-tourrette.bigfamily.dev\/de\/wp-json\/wp\/v2\/product"}],"about":[{"href":"https:\/\/fromagerie-tourrette.bigfamily.dev\/de\/wp-json\/wp\/v2\/types\/product"}],"wp:featuredmedia":[{"embeddable":true,"href":"https:\/\/fromagerie-tourrette.bigfamily.dev\/de\/wp-json\/wp\/v2\/media\/16207"}],"wp:attachment":[{"href":"https:\/\/fromagerie-tourrette.bigfamily.dev\/de\/wp-json\/wp\/v2\/media?parent=848"}],"wp:term":[{"taxonomy":"product_cat","embeddable":true,"href":"https:\/\/fromagerie-tourrette.bigfamily.dev\/de\/wp-json\/wp\/v2\/product_cat?post=848"},{"taxonomy":"product_tag","embeddable":true,"href":"https:\/\/fromagerie-tourrette.bigfamily.dev\/de\/wp-json\/wp\/v2\/product_tag?post=848"}],"curies":[{"name":"wp","href":"https:\/\/api.w.org\/{rel}","templated":true}]}}