{"id":845,"date":"2018-11-02T10:18:31","date_gmt":"2018-11-02T09:18:31","guid":{"rendered":"http:\/\/shop.fromagerie-tourrette.com\/boutique\/produit\/mozzarella-di-bufala-campana-aop-billes\/"},"modified":"2024-01-18T15:17:12","modified_gmt":"2024-01-18T14:17:12","slug":"mozzarella-di-bufala-campana-aop-billes","status":"publish","type":"product","link":"https:\/\/fromagerie-tourrette.bigfamily.dev\/de\/produit\/mozzarella-di-bufala-campana-aop-billes\/","title":{"rendered":"Cerises Mozzarella di bufala &#8211; La Perla del M\u00e9diterran\u00e9o"},"content":{"rendered":"<p>V\u00e9ritable mozzarella de bufflonne en forme de bille. Id\u00e9ales pour accompagner vos salades ou ap\u00e9ritifs.<\/p>\n","protected":false},"excerpt":{"rendered":"<p>V\u00e9ritable mozzarella de bufflonne en forme de bille. Id\u00e9ales pour accompagner vos salades ou ap\u00e9ritifs.<\/p>\n","protected":false},"featured_media":0,"template":"","meta":[],"product_cat":[16],"product_tag":[],"acf":[],"_links":{"self":[{"href":"https:\/\/fromagerie-tourrette.bigfamily.dev\/de\/wp-json\/wp\/v2\/product\/845"}],"collection":[{"href":"https:\/\/fromagerie-tourrette.bigfamily.dev\/de\/wp-json\/wp\/v2\/product"}],"about":[{"href":"https:\/\/fromagerie-tourrette.bigfamily.dev\/de\/wp-json\/wp\/v2\/types\/product"}],"wp:attachment":[{"href":"https:\/\/fromagerie-tourrette.bigfamily.dev\/de\/wp-json\/wp\/v2\/media?parent=845"}],"wp:term":[{"taxonomy":"product_cat","embeddable":true,"href":"https:\/\/fromagerie-tourrette.bigfamily.dev\/de\/wp-json\/wp\/v2\/product_cat?post=845"},{"taxonomy":"product_tag","embeddable":true,"href":"https:\/\/fromagerie-tourrette.bigfamily.dev\/de\/wp-json\/wp\/v2\/product_tag?post=845"}],"curies":[{"name":"wp","href":"https:\/\/api.w.org\/{rel}","templated":true}]}}