{"id":844,"date":"2018-11-02T10:18:26","date_gmt":"2018-11-02T09:18:26","guid":{"rendered":"http:\/\/shop.fromagerie-tourrette.com\/boutique\/produit\/mozzarella-di-bufala-campana-200g\/"},"modified":"2024-01-18T15:17:25","modified_gmt":"2024-01-18T14:17:25","slug":"mozzarella-di-bufala-campana-200g","status":"publish","type":"product","link":"https:\/\/fromagerie-tourrette.bigfamily.dev\/de\/produit\/mozzarella-di-bufala-campana-200g\/","title":{"rendered":"Mozzarella di Bufala &#8211; La Perla del Mediterraneo 250gr"},"content":{"rendered":"<p>V\u00e9ritable mozzarella de bufflonne. Fromage \u00e0 p\u00e2te fil\u00e9e au coeur oncteux<\/p>\n","protected":false},"excerpt":{"rendered":"<p>V\u00e9ritable mozzarella de bufflonne. Fromage \u00e0 p\u00e2te fil\u00e9e au coeur oncteux<\/p>\n","protected":false},"featured_media":0,"template":"","meta":[],"product_cat":[16],"product_tag":[],"acf":[],"_links":{"self":[{"href":"https:\/\/fromagerie-tourrette.bigfamily.dev\/de\/wp-json\/wp\/v2\/product\/844"}],"collection":[{"href":"https:\/\/fromagerie-tourrette.bigfamily.dev\/de\/wp-json\/wp\/v2\/product"}],"about":[{"href":"https:\/\/fromagerie-tourrette.bigfamily.dev\/de\/wp-json\/wp\/v2\/types\/product"}],"wp:attachment":[{"href":"https:\/\/fromagerie-tourrette.bigfamily.dev\/de\/wp-json\/wp\/v2\/media?parent=844"}],"wp:term":[{"taxonomy":"product_cat","embeddable":true,"href":"https:\/\/fromagerie-tourrette.bigfamily.dev\/de\/wp-json\/wp\/v2\/product_cat?post=844"},{"taxonomy":"product_tag","embeddable":true,"href":"https:\/\/fromagerie-tourrette.bigfamily.dev\/de\/wp-json\/wp\/v2\/product_tag?post=844"}],"curies":[{"name":"wp","href":"https:\/\/api.w.org\/{rel}","templated":true}]}}