{"id":843,"date":"2018-11-02T10:18:22","date_gmt":"2018-11-02T09:18:22","guid":{"rendered":"http:\/\/shop.fromagerie-tourrette.com\/boutique\/produit\/gaperon-a-lail-a-lancienne\/"},"modified":"2024-01-18T14:33:42","modified_gmt":"2024-01-18T13:33:42","slug":"gaperon-a-lail-a-lancienne","status":"publish","type":"product","link":"https:\/\/fromagerie-tourrette.bigfamily.dev\/de\/produit\/gaperon-a-lail-a-lancienne\/","title":{"rendered":"Gaperon \u00e0 l&#8217;Ail \u00e0 l&#8217;Ancienne"},"content":{"rendered":"<p>Le gaperon fermier \u00e0 l\u2019ail est fabriqu\u00e9 en Auvergne avec la Babeurre, et est aromatis\u00e9 \u00e0 l\u2019ail et au poivre. Le fromage est moul\u00e9 au torchon et mis \u00e0 \u00e9goutter d\u2019o\u00f9 cet aspect piriforme. C\u2019est en \u00e9t\u00e9 qu\u2019il est le plus fameux, quand les vaches sont dans les p\u00e2turages.<\/p>\n","protected":false},"excerpt":{"rendered":"<p>Le gaperon fermier \u00e0 l\u2019ail est fabriqu\u00e9 en Auvergne avec la Babeurre, et est aromatis\u00e9 \u00e0 l\u2019ail et [&hellip;]<\/p>\n","protected":false},"featured_media":16210,"template":"","meta":[],"product_cat":[16],"product_tag":[],"acf":[],"_links":{"self":[{"href":"https:\/\/fromagerie-tourrette.bigfamily.dev\/de\/wp-json\/wp\/v2\/product\/843"}],"collection":[{"href":"https:\/\/fromagerie-tourrette.bigfamily.dev\/de\/wp-json\/wp\/v2\/product"}],"about":[{"href":"https:\/\/fromagerie-tourrette.bigfamily.dev\/de\/wp-json\/wp\/v2\/types\/product"}],"wp:featuredmedia":[{"embeddable":true,"href":"https:\/\/fromagerie-tourrette.bigfamily.dev\/de\/wp-json\/wp\/v2\/media\/16210"}],"wp:attachment":[{"href":"https:\/\/fromagerie-tourrette.bigfamily.dev\/de\/wp-json\/wp\/v2\/media?parent=843"}],"wp:term":[{"taxonomy":"product_cat","embeddable":true,"href":"https:\/\/fromagerie-tourrette.bigfamily.dev\/de\/wp-json\/wp\/v2\/product_cat?post=843"},{"taxonomy":"product_tag","embeddable":true,"href":"https:\/\/fromagerie-tourrette.bigfamily.dev\/de\/wp-json\/wp\/v2\/product_tag?post=843"}],"curies":[{"name":"wp","href":"https:\/\/api.w.org\/{rel}","templated":true}]}}