{"id":841,"date":"2018-11-02T10:18:07","date_gmt":"2018-11-02T09:18:07","guid":{"rendered":"http:\/\/shop.fromagerie-tourrette.com\/boutique\/produit\/burrata-di-bufala\/"},"modified":"2024-02-02T08:46:08","modified_gmt":"2024-02-02T07:46:08","slug":"burrata-di-bufala","status":"publish","type":"product","link":"https:\/\/fromagerie-tourrette.bigfamily.dev\/de\/produit\/burrata-di-bufala\/","title":{"rendered":"Burrata Di Bufala"},"content":{"rendered":"<p>Cr\u00e9meuse \u00e0 souhait, la Burrata est un fromage \u00e0 p\u00e2te fil\u00e9e, avec un coeur coulant de cr\u00e8me fraiche au go\u00fbt si particulier<\/p>\n","protected":false},"excerpt":{"rendered":"<p>Cr\u00e9meuse \u00e0 souhait, la Burrata est un fromage \u00e0 p\u00e2te fil\u00e9e, avec un coeur coulant de cr\u00e8me fraiche [&hellip;]<\/p>\n","protected":false},"featured_media":100259,"template":"","meta":[],"product_cat":[16],"product_tag":[],"acf":[],"_links":{"self":[{"href":"https:\/\/fromagerie-tourrette.bigfamily.dev\/de\/wp-json\/wp\/v2\/product\/841"}],"collection":[{"href":"https:\/\/fromagerie-tourrette.bigfamily.dev\/de\/wp-json\/wp\/v2\/product"}],"about":[{"href":"https:\/\/fromagerie-tourrette.bigfamily.dev\/de\/wp-json\/wp\/v2\/types\/product"}],"wp:featuredmedia":[{"embeddable":true,"href":"https:\/\/fromagerie-tourrette.bigfamily.dev\/de\/wp-json\/wp\/v2\/media\/100259"}],"wp:attachment":[{"href":"https:\/\/fromagerie-tourrette.bigfamily.dev\/de\/wp-json\/wp\/v2\/media?parent=841"}],"wp:term":[{"taxonomy":"product_cat","embeddable":true,"href":"https:\/\/fromagerie-tourrette.bigfamily.dev\/de\/wp-json\/wp\/v2\/product_cat?post=841"},{"taxonomy":"product_tag","embeddable":true,"href":"https:\/\/fromagerie-tourrette.bigfamily.dev\/de\/wp-json\/wp\/v2\/product_tag?post=841"}],"curies":[{"name":"wp","href":"https:\/\/api.w.org\/{rel}","templated":true}]}}