{"id":839,"date":"2018-11-02T10:17:56","date_gmt":"2018-11-02T09:17:56","guid":{"rendered":"http:\/\/shop.fromagerie-tourrette.com\/boutique\/produit\/brillat-savarin-affine-petit-modele\/"},"modified":"2024-01-18T14:34:07","modified_gmt":"2024-01-18T13:34:07","slug":"brillat-savarin-affine-petit-modele","status":"publish","type":"product","link":"https:\/\/fromagerie-tourrette.bigfamily.dev\/de\/produit\/brillat-savarin-affine-petit-modele\/","title":{"rendered":"Brillat Savarin Affin\u00e9 petit mod\u00e8le"},"content":{"rendered":"<p>Fromage au lait des producteurs fermiers de la r\u00e9gion de Bourgogne, le lait utilis\u00e9 est ramass\u00e9 toutes les 48 heures puis thermise\u0301 pour respecter le gou\u0302t du terroir, et garantir tout le fondant a\u0300 l\u2019affinage. Pour lui garder son caracte\u0300re authentique, la fabrication est entie\u0300rement manuelle et ne\u0301cessite une importante main d\u2019oeuvre artisanale et de qualite\u0301: moulage a\u0300 la louche, salage au sel sec, retournements et affinage.<\/p>\n","protected":false},"excerpt":{"rendered":"<p>Fromage au lait des producteurs fermiers de la r\u00e9gion de Bourgogne, le lait utilis\u00e9 est ramass\u00e9 toutes les [&hellip;]<\/p>\n","protected":false},"featured_media":16216,"template":"","meta":[],"product_cat":[16],"product_tag":[],"acf":[],"_links":{"self":[{"href":"https:\/\/fromagerie-tourrette.bigfamily.dev\/de\/wp-json\/wp\/v2\/product\/839"}],"collection":[{"href":"https:\/\/fromagerie-tourrette.bigfamily.dev\/de\/wp-json\/wp\/v2\/product"}],"about":[{"href":"https:\/\/fromagerie-tourrette.bigfamily.dev\/de\/wp-json\/wp\/v2\/types\/product"}],"wp:featuredmedia":[{"embeddable":true,"href":"https:\/\/fromagerie-tourrette.bigfamily.dev\/de\/wp-json\/wp\/v2\/media\/16216"}],"wp:attachment":[{"href":"https:\/\/fromagerie-tourrette.bigfamily.dev\/de\/wp-json\/wp\/v2\/media?parent=839"}],"wp:term":[{"taxonomy":"product_cat","embeddable":true,"href":"https:\/\/fromagerie-tourrette.bigfamily.dev\/de\/wp-json\/wp\/v2\/product_cat?post=839"},{"taxonomy":"product_tag","embeddable":true,"href":"https:\/\/fromagerie-tourrette.bigfamily.dev\/de\/wp-json\/wp\/v2\/product_tag?post=839"}],"curies":[{"name":"wp","href":"https:\/\/api.w.org\/{rel}","templated":true}]}}