{"id":835,"date":"2018-11-02T10:17:42","date_gmt":"2018-11-02T09:17:42","guid":{"rendered":"http:\/\/shop.fromagerie-tourrette.com\/boutique\/produit\/veritable-feta-grecque\/"},"modified":"2024-02-02T08:42:43","modified_gmt":"2024-02-02T07:42:43","slug":"veritable-feta-grecque","status":"publish","type":"product","link":"https:\/\/fromagerie-tourrette.bigfamily.dev\/de\/produit\/veritable-feta-grecque\/","title":{"rendered":"V\u00e9ritable Feta Grecque"},"content":{"rendered":"<p>V\u00e9ritable Feta Grecque, fabriqu\u00e9e avec du lait de brebis et de ch\u00e8vre. Sa texture et son go\u00fbt sont caract\u00e9ristiques. D&#8217;un blanc immacul\u00e9, sa texture est fra\u00eeche et cassante.<\/p>\n","protected":false},"excerpt":{"rendered":"<p>V\u00e9ritable Feta Grecque, fabriqu\u00e9e avec du lait de brebis et de ch\u00e8vre. Sa texture et son go\u00fbt sont [&hellip;]<\/p>\n","protected":false},"featured_media":100253,"template":"","meta":[],"product_cat":[16],"product_tag":[],"acf":[],"_links":{"self":[{"href":"https:\/\/fromagerie-tourrette.bigfamily.dev\/de\/wp-json\/wp\/v2\/product\/835"}],"collection":[{"href":"https:\/\/fromagerie-tourrette.bigfamily.dev\/de\/wp-json\/wp\/v2\/product"}],"about":[{"href":"https:\/\/fromagerie-tourrette.bigfamily.dev\/de\/wp-json\/wp\/v2\/types\/product"}],"wp:featuredmedia":[{"embeddable":true,"href":"https:\/\/fromagerie-tourrette.bigfamily.dev\/de\/wp-json\/wp\/v2\/media\/100253"}],"wp:attachment":[{"href":"https:\/\/fromagerie-tourrette.bigfamily.dev\/de\/wp-json\/wp\/v2\/media?parent=835"}],"wp:term":[{"taxonomy":"product_cat","embeddable":true,"href":"https:\/\/fromagerie-tourrette.bigfamily.dev\/de\/wp-json\/wp\/v2\/product_cat?post=835"},{"taxonomy":"product_tag","embeddable":true,"href":"https:\/\/fromagerie-tourrette.bigfamily.dev\/de\/wp-json\/wp\/v2\/product_tag?post=835"}],"curies":[{"name":"wp","href":"https:\/\/api.w.org\/{rel}","templated":true}]}}