{"id":831,"date":"2018-11-02T10:17:28","date_gmt":"2018-11-02T09:17:28","guid":{"rendered":"http:\/\/shop.fromagerie-tourrette.com\/boutique\/produit\/saveur-du-maquis-corse\/"},"modified":"2023-05-31T14:19:57","modified_gmt":"2023-05-31T12:19:57","slug":"saveur-du-maquis-corse","status":"publish","type":"product","link":"https:\/\/fromagerie-tourrette.bigfamily.dev\/de\/produit\/saveur-du-maquis-corse\/","title":{"rendered":"Saveur du maquis Corse"},"content":{"rendered":"<p>Fromage frais au lait de brebis enrob\u00e9 de plantes aromatiques du maquis s\u00e9ch\u00e9es qui lui donne un go\u00fbt fin et d\u00e9licat. Il est \u00e0 son optimum de d\u00e9gustation lorsqu&#8217;il se part d&#8217;une couverture bleut\u00e9e.<\/p>\n","protected":false},"excerpt":{"rendered":"<p>Fromage frais au lait de brebis enrob\u00e9 de plantes aromatiques du maquis s\u00e9ch\u00e9es qui lui donne un go\u00fbt [&hellip;]<\/p>\n","protected":false},"featured_media":16225,"template":"","meta":[],"product_cat":[16],"product_tag":[],"acf":[],"_links":{"self":[{"href":"https:\/\/fromagerie-tourrette.bigfamily.dev\/de\/wp-json\/wp\/v2\/product\/831"}],"collection":[{"href":"https:\/\/fromagerie-tourrette.bigfamily.dev\/de\/wp-json\/wp\/v2\/product"}],"about":[{"href":"https:\/\/fromagerie-tourrette.bigfamily.dev\/de\/wp-json\/wp\/v2\/types\/product"}],"wp:featuredmedia":[{"embeddable":true,"href":"https:\/\/fromagerie-tourrette.bigfamily.dev\/de\/wp-json\/wp\/v2\/media\/16225"}],"wp:attachment":[{"href":"https:\/\/fromagerie-tourrette.bigfamily.dev\/de\/wp-json\/wp\/v2\/media?parent=831"}],"wp:term":[{"taxonomy":"product_cat","embeddable":true,"href":"https:\/\/fromagerie-tourrette.bigfamily.dev\/de\/wp-json\/wp\/v2\/product_cat?post=831"},{"taxonomy":"product_tag","embeddable":true,"href":"https:\/\/fromagerie-tourrette.bigfamily.dev\/de\/wp-json\/wp\/v2\/product_tag?post=831"}],"curies":[{"name":"wp","href":"https:\/\/api.w.org\/{rel}","templated":true}]}}