{"id":828,"date":"2018-11-02T10:17:17","date_gmt":"2018-11-02T09:17:17","guid":{"rendered":"http:\/\/shop.fromagerie-tourrette.com\/boutique\/produit\/cupidon\/"},"modified":"2024-01-18T15:18:31","modified_gmt":"2024-01-18T14:18:31","slug":"cupidon","status":"publish","type":"product","link":"https:\/\/fromagerie-tourrette.bigfamily.dev\/de\/produit\/cupidon\/","title":{"rendered":"Cupidon"},"content":{"rendered":"<p>Fromage \u00e0 p\u00e2te molle, il est fabriqu\u00e9 \u00e0 partir du lait cru d&#8217;un seul troupeau de brebis. Le caill\u00e9 obtenu \u00e0 l&#8217;aide de pr\u00e9sure est cercl\u00e9 dans une sangle d&#8217;\u00e9pic\u00e9a dont les tanins alli\u00e9s au go\u00fbt sp\u00e9cifique du fromage de brebis conf\u00e8rent \u00e0 l&#8217;ensemble une saveur bois\u00e9e et aromatique. L&#8217;affinage se fait en cave humide avec des frottages r\u00e9guliers \u00e0 l&#8217;eau sal\u00e9e.<\/p>\n","protected":false},"excerpt":{"rendered":"<p>Fromage \u00e0 p\u00e2te molle, il est fabriqu\u00e9 \u00e0 partir du lait cru d&#8217;un seul troupeau de brebis. Le [&hellip;]<\/p>\n","protected":false},"featured_media":16228,"template":"","meta":[],"product_cat":[16],"product_tag":[],"acf":[],"_links":{"self":[{"href":"https:\/\/fromagerie-tourrette.bigfamily.dev\/de\/wp-json\/wp\/v2\/product\/828"}],"collection":[{"href":"https:\/\/fromagerie-tourrette.bigfamily.dev\/de\/wp-json\/wp\/v2\/product"}],"about":[{"href":"https:\/\/fromagerie-tourrette.bigfamily.dev\/de\/wp-json\/wp\/v2\/types\/product"}],"wp:featuredmedia":[{"embeddable":true,"href":"https:\/\/fromagerie-tourrette.bigfamily.dev\/de\/wp-json\/wp\/v2\/media\/16228"}],"wp:attachment":[{"href":"https:\/\/fromagerie-tourrette.bigfamily.dev\/de\/wp-json\/wp\/v2\/media?parent=828"}],"wp:term":[{"taxonomy":"product_cat","embeddable":true,"href":"https:\/\/fromagerie-tourrette.bigfamily.dev\/de\/wp-json\/wp\/v2\/product_cat?post=828"},{"taxonomy":"product_tag","embeddable":true,"href":"https:\/\/fromagerie-tourrette.bigfamily.dev\/de\/wp-json\/wp\/v2\/product_tag?post=828"}],"curies":[{"name":"wp","href":"https:\/\/api.w.org\/{rel}","templated":true}]}}