{"id":8164,"date":"2020-11-20T16:06:49","date_gmt":"2020-11-20T15:06:49","guid":{"rendered":"https:\/\/www.fromagerie-tourrette.com\/?post_type=product&#038;p=8164"},"modified":"2023-01-20T07:40:13","modified_gmt":"2023-01-20T06:40:13","slug":"fondue-la-cloche-a-fromage-2","status":"publish","type":"product","link":"https:\/\/fromagerie-tourrette.bigfamily.dev\/de\/produit\/fondue-la-cloche-a-fromage-2\/","title":{"rendered":"Fondue La Cloche \u00e0 Fromage"},"content":{"rendered":"<p>La fameuse fondue du restaurant La Cloche \u00e0 Fromage, comme si vous y \u00e9tiez ! Recette tenue secr\u00e8te&#8230;<\/p>\n<p>Pochette de 500g min.-\u00a0Quantit\u00e9 recommand\u00e9e pour 2 personnes.<\/p>\n<p>Fromages r\u00e2p\u00e9s pr\u00eats \u00e0 l&#8217;emploi.<\/p>\n","protected":false},"excerpt":{"rendered":"<p>La fameuse fondue du restaurant La Cloche \u00e0 Fromage, comme si vous y \u00e9tiez ! Recette tenue secr\u00e8te&#8230; [&hellip;]<\/p>\n","protected":false},"featured_media":6897,"template":"","meta":[],"product_cat":[159,156],"product_tag":[],"acf":[],"_links":{"self":[{"href":"https:\/\/fromagerie-tourrette.bigfamily.dev\/de\/wp-json\/wp\/v2\/product\/8164"}],"collection":[{"href":"https:\/\/fromagerie-tourrette.bigfamily.dev\/de\/wp-json\/wp\/v2\/product"}],"about":[{"href":"https:\/\/fromagerie-tourrette.bigfamily.dev\/de\/wp-json\/wp\/v2\/types\/product"}],"wp:featuredmedia":[{"embeddable":true,"href":"https:\/\/fromagerie-tourrette.bigfamily.dev\/de\/wp-json\/wp\/v2\/media\/6897"}],"wp:attachment":[{"href":"https:\/\/fromagerie-tourrette.bigfamily.dev\/de\/wp-json\/wp\/v2\/media?parent=8164"}],"wp:term":[{"taxonomy":"product_cat","embeddable":true,"href":"https:\/\/fromagerie-tourrette.bigfamily.dev\/de\/wp-json\/wp\/v2\/product_cat?post=8164"},{"taxonomy":"product_tag","embeddable":true,"href":"https:\/\/fromagerie-tourrette.bigfamily.dev\/de\/wp-json\/wp\/v2\/product_tag?post=8164"}],"curies":[{"name":"wp","href":"https:\/\/api.w.org\/{rel}","templated":true}]}}