{"id":816,"date":"2018-11-02T10:16:39","date_gmt":"2018-11-02T09:16:39","guid":{"rendered":"http:\/\/shop.fromagerie-tourrette.com\/boutique\/produit\/cabrions-fermiers\/"},"modified":"2024-01-18T14:37:17","modified_gmt":"2024-01-18T13:37:17","slug":"cabrions-fermiers","status":"publish","type":"product","link":"https:\/\/fromagerie-tourrette.bigfamily.dev\/de\/produit\/cabrions-fermiers\/","title":{"rendered":"Cabrions fermiers"},"content":{"rendered":"<p>Jeune, ce fromage du Bourgogne aura la cro\u00fbte blanche, mi-sec et \u00e0 un stade plus affin\u00e9, il aura la cro\u00fbte bleue et une texture friable. Fromage typ\u00e9 qui plait aux amateurs de fromages de ch\u00e8vre.<\/p>\n","protected":false},"excerpt":{"rendered":"<p>Jeune, ce fromage du Bourgogne aura la cro\u00fbte blanche, mi-sec et \u00e0 un stade plus affin\u00e9, il aura [&hellip;]<\/p>\n","protected":false},"featured_media":16237,"template":"","meta":[],"product_cat":[16],"product_tag":[],"acf":[],"_links":{"self":[{"href":"https:\/\/fromagerie-tourrette.bigfamily.dev\/de\/wp-json\/wp\/v2\/product\/816"}],"collection":[{"href":"https:\/\/fromagerie-tourrette.bigfamily.dev\/de\/wp-json\/wp\/v2\/product"}],"about":[{"href":"https:\/\/fromagerie-tourrette.bigfamily.dev\/de\/wp-json\/wp\/v2\/types\/product"}],"wp:featuredmedia":[{"embeddable":true,"href":"https:\/\/fromagerie-tourrette.bigfamily.dev\/de\/wp-json\/wp\/v2\/media\/16237"}],"wp:attachment":[{"href":"https:\/\/fromagerie-tourrette.bigfamily.dev\/de\/wp-json\/wp\/v2\/media?parent=816"}],"wp:term":[{"taxonomy":"product_cat","embeddable":true,"href":"https:\/\/fromagerie-tourrette.bigfamily.dev\/de\/wp-json\/wp\/v2\/product_cat?post=816"},{"taxonomy":"product_tag","embeddable":true,"href":"https:\/\/fromagerie-tourrette.bigfamily.dev\/de\/wp-json\/wp\/v2\/product_tag?post=816"}],"curies":[{"name":"wp","href":"https:\/\/api.w.org\/{rel}","templated":true}]}}