{"id":806,"date":"2018-11-02T10:16:03","date_gmt":"2018-11-02T09:16:03","guid":{"rendered":"http:\/\/shop.fromagerie-tourrette.com\/boutique\/produit\/valencay-fermier-aop\/"},"modified":"2024-01-18T15:14:23","modified_gmt":"2024-01-18T14:14:23","slug":"valencay-fermier-aop","status":"publish","type":"product","link":"https:\/\/fromagerie-tourrette.bigfamily.dev\/de\/produit\/valencay-fermier-aop\/","title":{"rendered":"Valencay Fermier AOP"},"content":{"rendered":"<p>Fromage typique du Berry, l\u2019aire d\u2019appellation couvre une large partie de l\u2019Indre. Son nom provient de la ville de Valen\u00e7ay, qui est \u00e9troitement li\u00e9e \u00e0 l\u2019\u00e9poque Empire et \u00e0 Talleyrand. Ses saveurs caprines sont fines et \u00e9quilibr\u00e9es.<\/p>\n","protected":false},"excerpt":{"rendered":"<p>Fromage typique du Berry, l\u2019aire d\u2019appellation couvre une large partie de l\u2019Indre. Son nom provient de la ville [&hellip;]<\/p>\n","protected":false},"featured_media":16240,"template":"","meta":[],"product_cat":[16],"product_tag":[],"acf":[],"_links":{"self":[{"href":"https:\/\/fromagerie-tourrette.bigfamily.dev\/de\/wp-json\/wp\/v2\/product\/806"}],"collection":[{"href":"https:\/\/fromagerie-tourrette.bigfamily.dev\/de\/wp-json\/wp\/v2\/product"}],"about":[{"href":"https:\/\/fromagerie-tourrette.bigfamily.dev\/de\/wp-json\/wp\/v2\/types\/product"}],"wp:featuredmedia":[{"embeddable":true,"href":"https:\/\/fromagerie-tourrette.bigfamily.dev\/de\/wp-json\/wp\/v2\/media\/16240"}],"wp:attachment":[{"href":"https:\/\/fromagerie-tourrette.bigfamily.dev\/de\/wp-json\/wp\/v2\/media?parent=806"}],"wp:term":[{"taxonomy":"product_cat","embeddable":true,"href":"https:\/\/fromagerie-tourrette.bigfamily.dev\/de\/wp-json\/wp\/v2\/product_cat?post=806"},{"taxonomy":"product_tag","embeddable":true,"href":"https:\/\/fromagerie-tourrette.bigfamily.dev\/de\/wp-json\/wp\/v2\/product_tag?post=806"}],"curies":[{"name":"wp","href":"https:\/\/api.w.org\/{rel}","templated":true}]}}