{"id":799,"date":"2018-11-02T10:15:35","date_gmt":"2018-11-02T09:15:35","guid":{"rendered":"http:\/\/shop.fromagerie-tourrette.com\/boutique\/produit\/taupinette-fermiere\/"},"modified":"2024-01-18T14:38:01","modified_gmt":"2024-01-18T13:38:01","slug":"taupinette-fermiere","status":"publish","type":"product","link":"https:\/\/fromagerie-tourrette.bigfamily.dev\/de\/produit\/taupinette-fermiere\/","title":{"rendered":"Taupinette fermi\u00e8re"},"content":{"rendered":"<p>Fromage fermier moul\u00e9 \u00e0 la louche et sal\u00e9 \u00e0 sec. En forme de d\u00f4me, sa texture est mousseuse et la cendre est saupoucr\u00e9e en surface.<\/p>\n","protected":false},"excerpt":{"rendered":"<p>Fromage fermier moul\u00e9 \u00e0 la louche et sal\u00e9 \u00e0 sec. En forme de d\u00f4me, sa texture est mousseuse [&hellip;]<\/p>\n","protected":false},"featured_media":16246,"template":"","meta":[],"product_cat":[16],"product_tag":[],"acf":[],"_links":{"self":[{"href":"https:\/\/fromagerie-tourrette.bigfamily.dev\/de\/wp-json\/wp\/v2\/product\/799"}],"collection":[{"href":"https:\/\/fromagerie-tourrette.bigfamily.dev\/de\/wp-json\/wp\/v2\/product"}],"about":[{"href":"https:\/\/fromagerie-tourrette.bigfamily.dev\/de\/wp-json\/wp\/v2\/types\/product"}],"wp:featuredmedia":[{"embeddable":true,"href":"https:\/\/fromagerie-tourrette.bigfamily.dev\/de\/wp-json\/wp\/v2\/media\/16246"}],"wp:attachment":[{"href":"https:\/\/fromagerie-tourrette.bigfamily.dev\/de\/wp-json\/wp\/v2\/media?parent=799"}],"wp:term":[{"taxonomy":"product_cat","embeddable":true,"href":"https:\/\/fromagerie-tourrette.bigfamily.dev\/de\/wp-json\/wp\/v2\/product_cat?post=799"},{"taxonomy":"product_tag","embeddable":true,"href":"https:\/\/fromagerie-tourrette.bigfamily.dev\/de\/wp-json\/wp\/v2\/product_tag?post=799"}],"curies":[{"name":"wp","href":"https:\/\/api.w.org\/{rel}","templated":true}]}}