{"id":794,"date":"2018-11-02T10:15:18","date_gmt":"2018-11-02T09:15:18","guid":{"rendered":"http:\/\/shop.fromagerie-tourrette.com\/boutique\/produit\/rovethym-fermier\/"},"modified":"2024-01-18T15:15:00","modified_gmt":"2024-01-18T14:15:00","slug":"rovethym-fermier","status":"publish","type":"product","link":"https:\/\/fromagerie-tourrette.bigfamily.dev\/de\/produit\/rovethym-fermier\/","title":{"rendered":"Rovethym Fermier"},"content":{"rendered":"<p>Ce fromage au lait cru se distingue par sa forme unique et sa petite branche de thym pos\u00e9e en surface. Il est fabriqu\u00e9 directement \u00e0 la ferme d&#8217;o\u00f9 provient le lait, \u00e0 partir d&#8217;un caill\u00e9 lactique. Ses parfums subtiles et sa texture fondante en bouche en font un fromage d&#8217;exception.<\/p>\n","protected":false},"excerpt":{"rendered":"<p>Ce fromage au lait cru se distingue par sa forme unique et sa petite branche de thym pos\u00e9e [&hellip;]<\/p>\n","protected":false},"featured_media":16252,"template":"","meta":[],"product_cat":[16],"product_tag":[],"acf":[],"_links":{"self":[{"href":"https:\/\/fromagerie-tourrette.bigfamily.dev\/de\/wp-json\/wp\/v2\/product\/794"}],"collection":[{"href":"https:\/\/fromagerie-tourrette.bigfamily.dev\/de\/wp-json\/wp\/v2\/product"}],"about":[{"href":"https:\/\/fromagerie-tourrette.bigfamily.dev\/de\/wp-json\/wp\/v2\/types\/product"}],"wp:featuredmedia":[{"embeddable":true,"href":"https:\/\/fromagerie-tourrette.bigfamily.dev\/de\/wp-json\/wp\/v2\/media\/16252"}],"wp:attachment":[{"href":"https:\/\/fromagerie-tourrette.bigfamily.dev\/de\/wp-json\/wp\/v2\/media?parent=794"}],"wp:term":[{"taxonomy":"product_cat","embeddable":true,"href":"https:\/\/fromagerie-tourrette.bigfamily.dev\/de\/wp-json\/wp\/v2\/product_cat?post=794"},{"taxonomy":"product_tag","embeddable":true,"href":"https:\/\/fromagerie-tourrette.bigfamily.dev\/de\/wp-json\/wp\/v2\/product_tag?post=794"}],"curies":[{"name":"wp","href":"https:\/\/api.w.org\/{rel}","templated":true}]}}