{"id":788,"date":"2018-11-02T10:14:50","date_gmt":"2018-11-02T09:14:50","guid":{"rendered":"http:\/\/shop.fromagerie-tourrette.com\/boutique\/produit\/piperade-au-poivre-fermier\/"},"modified":"2024-01-09T14:06:23","modified_gmt":"2024-01-09T13:06:23","slug":"piperade-au-poivre-fermier","status":"publish","type":"product","link":"https:\/\/fromagerie-tourrette.bigfamily.dev\/de\/produit\/piperade-au-poivre-fermier\/","title":{"rendered":"Piperade au poivre Fermier"},"content":{"rendered":"<p>Fromage au lait cru de ch\u00e8vre aromatis\u00e9 \u00e0 la fleur de poivre. Sa p\u00e2te est ferme, son go\u00fbt est d\u2019une grande finesse et rev\u00eat des ar\u00f4mes caprins parfum\u00e9s de noisette et de sous bois.<\/p>\n","protected":false},"excerpt":{"rendered":"<p>Fromage au lait cru de ch\u00e8vre aromatis\u00e9 \u00e0 la fleur de poivre. Sa p\u00e2te est ferme, son go\u00fbt [&hellip;]<\/p>\n","protected":false},"featured_media":16258,"template":"","meta":[],"product_cat":[16],"product_tag":[],"acf":[],"_links":{"self":[{"href":"https:\/\/fromagerie-tourrette.bigfamily.dev\/de\/wp-json\/wp\/v2\/product\/788"}],"collection":[{"href":"https:\/\/fromagerie-tourrette.bigfamily.dev\/de\/wp-json\/wp\/v2\/product"}],"about":[{"href":"https:\/\/fromagerie-tourrette.bigfamily.dev\/de\/wp-json\/wp\/v2\/types\/product"}],"wp:featuredmedia":[{"embeddable":true,"href":"https:\/\/fromagerie-tourrette.bigfamily.dev\/de\/wp-json\/wp\/v2\/media\/16258"}],"wp:attachment":[{"href":"https:\/\/fromagerie-tourrette.bigfamily.dev\/de\/wp-json\/wp\/v2\/media?parent=788"}],"wp:term":[{"taxonomy":"product_cat","embeddable":true,"href":"https:\/\/fromagerie-tourrette.bigfamily.dev\/de\/wp-json\/wp\/v2\/product_cat?post=788"},{"taxonomy":"product_tag","embeddable":true,"href":"https:\/\/fromagerie-tourrette.bigfamily.dev\/de\/wp-json\/wp\/v2\/product_tag?post=788"}],"curies":[{"name":"wp","href":"https:\/\/api.w.org\/{rel}","templated":true}]}}