{"id":781,"date":"2018-11-02T10:14:28","date_gmt":"2018-11-02T09:14:28","guid":{"rendered":"http:\/\/shop.fromagerie-tourrette.com\/boutique\/produit\/olivias-basilic-et-tapenade\/"},"modified":"2024-01-18T15:15:27","modified_gmt":"2024-01-18T14:15:27","slug":"olivias-basilic-et-tapenade","status":"publish","type":"product","link":"https:\/\/fromagerie-tourrette.bigfamily.dev\/de\/produit\/olivias-basilic-et-tapenade\/","title":{"rendered":"Olivias Basilic et Tapenade"},"content":{"rendered":"<p>Fromage de ch\u00e8vre frais dont la p\u00e2te parsemm\u00e9e de basilic est s\u00e9par\u00e9e par une fine couche de tapenade aux olives noires. Il peut \u00eatre d\u00e9gust\u00e9 aussi bien frais qu&#8217;affin\u00e9.<\/p>\n","protected":false},"excerpt":{"rendered":"<p>Fromage de ch\u00e8vre frais dont la p\u00e2te parsemm\u00e9e de basilic est s\u00e9par\u00e9e par une fine couche de tapenade [&hellip;]<\/p>\n","protected":false},"featured_media":0,"template":"","meta":[],"product_cat":[16],"product_tag":[],"acf":[],"_links":{"self":[{"href":"https:\/\/fromagerie-tourrette.bigfamily.dev\/de\/wp-json\/wp\/v2\/product\/781"}],"collection":[{"href":"https:\/\/fromagerie-tourrette.bigfamily.dev\/de\/wp-json\/wp\/v2\/product"}],"about":[{"href":"https:\/\/fromagerie-tourrette.bigfamily.dev\/de\/wp-json\/wp\/v2\/types\/product"}],"wp:attachment":[{"href":"https:\/\/fromagerie-tourrette.bigfamily.dev\/de\/wp-json\/wp\/v2\/media?parent=781"}],"wp:term":[{"taxonomy":"product_cat","embeddable":true,"href":"https:\/\/fromagerie-tourrette.bigfamily.dev\/de\/wp-json\/wp\/v2\/product_cat?post=781"},{"taxonomy":"product_tag","embeddable":true,"href":"https:\/\/fromagerie-tourrette.bigfamily.dev\/de\/wp-json\/wp\/v2\/product_tag?post=781"}],"curies":[{"name":"wp","href":"https:\/\/api.w.org\/{rel}","templated":true}]}}