{"id":780,"date":"2018-11-02T10:14:24","date_gmt":"2018-11-02T09:14:24","guid":{"rendered":"http:\/\/shop.fromagerie-tourrette.com\/boutique\/produit\/le-petit-campagnard\/"},"modified":"2024-02-02T15:34:04","modified_gmt":"2024-02-02T14:34:04","slug":"le-petit-campagnard","status":"publish","type":"product","link":"https:\/\/fromagerie-tourrette.bigfamily.dev\/de\/produit\/le-petit-campagnard\/","title":{"rendered":"Le petit Campagnard"},"content":{"rendered":"<p>Fromage au lait cru de ch\u00e8vre de forme ronde. Sa couverture naturelle devient bleu\u00e2tre avec l&#8217;affinage. Il se d\u00e9guste aussi bien frais comme affin\u00e9 et ravira les papilles fa\u00e7on &#8220;ch\u00e8vre chaud&#8221;.<\/p>\n","protected":false},"excerpt":{"rendered":"<p>Fromage au lait cru de ch\u00e8vre de forme ronde. Sa couverture naturelle devient bleu\u00e2tre avec l&#8217;affinage. Il se [&hellip;]<\/p>\n","protected":false},"featured_media":100294,"template":"","meta":[],"product_cat":[16],"product_tag":[],"acf":[],"_links":{"self":[{"href":"https:\/\/fromagerie-tourrette.bigfamily.dev\/de\/wp-json\/wp\/v2\/product\/780"}],"collection":[{"href":"https:\/\/fromagerie-tourrette.bigfamily.dev\/de\/wp-json\/wp\/v2\/product"}],"about":[{"href":"https:\/\/fromagerie-tourrette.bigfamily.dev\/de\/wp-json\/wp\/v2\/types\/product"}],"wp:featuredmedia":[{"embeddable":true,"href":"https:\/\/fromagerie-tourrette.bigfamily.dev\/de\/wp-json\/wp\/v2\/media\/100294"}],"wp:attachment":[{"href":"https:\/\/fromagerie-tourrette.bigfamily.dev\/de\/wp-json\/wp\/v2\/media?parent=780"}],"wp:term":[{"taxonomy":"product_cat","embeddable":true,"href":"https:\/\/fromagerie-tourrette.bigfamily.dev\/de\/wp-json\/wp\/v2\/product_cat?post=780"},{"taxonomy":"product_tag","embeddable":true,"href":"https:\/\/fromagerie-tourrette.bigfamily.dev\/de\/wp-json\/wp\/v2\/product_tag?post=780"}],"curies":[{"name":"wp","href":"https:\/\/api.w.org\/{rel}","templated":true}]}}