{"id":769,"date":"2018-11-02T10:13:35","date_gmt":"2018-11-02T09:13:35","guid":{"rendered":"http:\/\/shop.fromagerie-tourrette.com\/boutique\/produit\/etoile-de-gatine\/"},"modified":"2024-01-18T14:42:42","modified_gmt":"2024-01-18T13:42:42","slug":"etoile-de-gatine","status":"publish","type":"product","link":"https:\/\/fromagerie-tourrette.bigfamily.dev\/de\/produit\/etoile-de-gatine\/","title":{"rendered":"Etoile de Gatine"},"content":{"rendered":"<p>La Gatine est une terre g\u00e2t\u00e9e puisque c&#8217;est une r\u00e9gion d&#8217;\u00e9levage situ\u00e9e \u00e0 l&#8217;ouest de la France o\u00f9 pommiers et ch\u00e2taigniers prosp\u00e8rent. C&#8217;est un lieu sain, id\u00e9al pour le d\u00e9veloppement de ce produit tr\u00e8s typ\u00e9.<br \/>\nLa robe de ce fromage en forme d&#8217;\u00e9toile passe du blanc craie au bleu vert avec le temps.<br \/>\nIl d\u00e9veloppe un go\u00fbt d\u2019autant plus puissant qu\u2019il est affin\u00e9 jusqu\u2019\u00e0 ce que sa croute fleurisse.<\/p>\n","protected":false},"excerpt":{"rendered":"<p>La Gatine est une terre g\u00e2t\u00e9e puisque c&#8217;est une r\u00e9gion d&#8217;\u00e9levage situ\u00e9e \u00e0 l&#8217;ouest de la France o\u00f9 [&hellip;]<\/p>\n","protected":false},"featured_media":16294,"template":"","meta":[],"product_cat":[16],"product_tag":[],"acf":[],"_links":{"self":[{"href":"https:\/\/fromagerie-tourrette.bigfamily.dev\/de\/wp-json\/wp\/v2\/product\/769"}],"collection":[{"href":"https:\/\/fromagerie-tourrette.bigfamily.dev\/de\/wp-json\/wp\/v2\/product"}],"about":[{"href":"https:\/\/fromagerie-tourrette.bigfamily.dev\/de\/wp-json\/wp\/v2\/types\/product"}],"wp:featuredmedia":[{"embeddable":true,"href":"https:\/\/fromagerie-tourrette.bigfamily.dev\/de\/wp-json\/wp\/v2\/media\/16294"}],"wp:attachment":[{"href":"https:\/\/fromagerie-tourrette.bigfamily.dev\/de\/wp-json\/wp\/v2\/media?parent=769"}],"wp:term":[{"taxonomy":"product_cat","embeddable":true,"href":"https:\/\/fromagerie-tourrette.bigfamily.dev\/de\/wp-json\/wp\/v2\/product_cat?post=769"},{"taxonomy":"product_tag","embeddable":true,"href":"https:\/\/fromagerie-tourrette.bigfamily.dev\/de\/wp-json\/wp\/v2\/product_tag?post=769"}],"curies":[{"name":"wp","href":"https:\/\/api.w.org\/{rel}","templated":true}]}}