{"id":759,"date":"2018-11-02T10:12:48","date_gmt":"2018-11-02T09:12:48","guid":{"rendered":"http:\/\/shop.fromagerie-tourrette.com\/boutique\/produit\/cabecou-dautan\/"},"modified":"2024-02-02T15:46:26","modified_gmt":"2024-02-02T14:46:26","slug":"cabecou-dautan","status":"publish","type":"product","link":"https:\/\/fromagerie-tourrette.bigfamily.dev\/de\/produit\/cabecou-dautan\/","title":{"rendered":"Cab\u00e9cou d&#8217;Autan"},"content":{"rendered":"<p>D\u00e9licieux petits disques de ch\u00e8vre tendres moul\u00e9s \u00e0 la main, au go\u00fbt subtil et \u00e0 garder humides. Seuls 7 troupeaux de ch\u00e8vre sont certifi\u00e9s et la r\u00e8glementation de ce label rouge est tr\u00e8s stricte (nombre de ch\u00e8vres par hectare de p\u00e2turage limit\u00e9). Sa robe, marqu\u00e9e des stries du moulage, passe du blanc craie au blond cr\u00e8me avec le temps. Il d\u00e9veloppe un go\u00fbt d\u2019autant plus puissant qu\u2019il est affin\u00e9 jusqu\u2019\u00e0 ce que sa croute fleurisse.<\/p>\n","protected":false},"excerpt":{"rendered":"<p>D\u00e9licieux petits disques de ch\u00e8vre tendres moul\u00e9s \u00e0 la main, au go\u00fbt subtil et \u00e0 garder humides. Seuls [&hellip;]<\/p>\n","protected":false},"featured_media":100318,"template":"","meta":[],"product_cat":[16],"product_tag":[],"acf":[],"_links":{"self":[{"href":"https:\/\/fromagerie-tourrette.bigfamily.dev\/de\/wp-json\/wp\/v2\/product\/759"}],"collection":[{"href":"https:\/\/fromagerie-tourrette.bigfamily.dev\/de\/wp-json\/wp\/v2\/product"}],"about":[{"href":"https:\/\/fromagerie-tourrette.bigfamily.dev\/de\/wp-json\/wp\/v2\/types\/product"}],"wp:featuredmedia":[{"embeddable":true,"href":"https:\/\/fromagerie-tourrette.bigfamily.dev\/de\/wp-json\/wp\/v2\/media\/100318"}],"wp:attachment":[{"href":"https:\/\/fromagerie-tourrette.bigfamily.dev\/de\/wp-json\/wp\/v2\/media?parent=759"}],"wp:term":[{"taxonomy":"product_cat","embeddable":true,"href":"https:\/\/fromagerie-tourrette.bigfamily.dev\/de\/wp-json\/wp\/v2\/product_cat?post=759"},{"taxonomy":"product_tag","embeddable":true,"href":"https:\/\/fromagerie-tourrette.bigfamily.dev\/de\/wp-json\/wp\/v2\/product_tag?post=759"}],"curies":[{"name":"wp","href":"https:\/\/api.w.org\/{rel}","templated":true}]}}