{"id":752,"date":"2018-11-02T10:12:19","date_gmt":"2018-11-02T09:12:19","guid":{"rendered":"http:\/\/shop.fromagerie-tourrette.com\/boutique\/produit\/bonde-de-gatine\/"},"modified":"2023-01-19T10:43:22","modified_gmt":"2023-01-19T09:43:22","slug":"bonde-de-gatine","status":"publish","type":"product","link":"https:\/\/fromagerie-tourrette.bigfamily.dev\/de\/produit\/bonde-de-gatine\/","title":{"rendered":"Bonde de Gatine"},"content":{"rendered":"<p>Fromage au lait cru de ch\u00e8vre de forme cylindrique. Un affinage qui peut durer jusqu\u2019\u00e0 10 semaines mais sa consommation peut commencer \u00e0 partir de 4 semaines. Sa robe passe du blanc craie au leu vert avec le temps. Il d\u00e9veloppe un go\u00fbt d\u2019autant plus puissant qu\u2019il est affin\u00e9 jusqu\u2019\u00e0 ce que sa cro\u00fbte fleurisse.<\/p>\n","protected":false},"excerpt":{"rendered":"<p>Fromage au lait cru de ch\u00e8vre de forme cylindrique. Un affinage qui peut durer jusqu\u2019\u00e0 10 semaines mais [&hellip;]<\/p>\n","protected":false},"featured_media":16306,"template":"","meta":[],"product_cat":[16],"product_tag":[],"acf":[],"_links":{"self":[{"href":"https:\/\/fromagerie-tourrette.bigfamily.dev\/de\/wp-json\/wp\/v2\/product\/752"}],"collection":[{"href":"https:\/\/fromagerie-tourrette.bigfamily.dev\/de\/wp-json\/wp\/v2\/product"}],"about":[{"href":"https:\/\/fromagerie-tourrette.bigfamily.dev\/de\/wp-json\/wp\/v2\/types\/product"}],"wp:featuredmedia":[{"embeddable":true,"href":"https:\/\/fromagerie-tourrette.bigfamily.dev\/de\/wp-json\/wp\/v2\/media\/16306"}],"wp:attachment":[{"href":"https:\/\/fromagerie-tourrette.bigfamily.dev\/de\/wp-json\/wp\/v2\/media?parent=752"}],"wp:term":[{"taxonomy":"product_cat","embeddable":true,"href":"https:\/\/fromagerie-tourrette.bigfamily.dev\/de\/wp-json\/wp\/v2\/product_cat?post=752"},{"taxonomy":"product_tag","embeddable":true,"href":"https:\/\/fromagerie-tourrette.bigfamily.dev\/de\/wp-json\/wp\/v2\/product_tag?post=752"}],"curies":[{"name":"wp","href":"https:\/\/api.w.org\/{rel}","templated":true}]}}