{"id":747,"date":"2018-11-02T10:12:01","date_gmt":"2018-11-02T09:12:01","guid":{"rendered":"http:\/\/shop.fromagerie-tourrette.com\/boutique\/produit\/banon-de-provence-aop\/"},"modified":"2024-01-18T15:14:00","modified_gmt":"2024-01-18T14:14:00","slug":"banon-de-provence-aop","status":"publish","type":"product","link":"https:\/\/fromagerie-tourrette.bigfamily.dev\/de\/produit\/banon-de-provence-aop\/","title":{"rendered":"Banon de Provence AOP"},"content":{"rendered":"<p>Fromage de ch\u00e8vre au lait cru envelopp\u00e9 \u00e0 la main dans des feuilles de chataigniers brunes du plateau d&#8217;Albion, li\u00e9es par un brin de rafia naturel. Cet affinage en &#8220;feuille&#8221; permet au fromage de s&#8217;inpr\u00e9gner des tanins des feuilles naturelles. Nous retrouverons ainsi des saveurs animales et bois\u00e9es avec une texture particuli\u00e8rement moelleuse<\/p>\n","protected":false},"excerpt":{"rendered":"<p>Fromage de ch\u00e8vre au lait cru envelopp\u00e9 \u00e0 la main dans des feuilles de chataigniers brunes du plateau [&hellip;]<\/p>\n","protected":false},"featured_media":16309,"template":"","meta":[],"product_cat":[16],"product_tag":[],"acf":[],"_links":{"self":[{"href":"https:\/\/fromagerie-tourrette.bigfamily.dev\/de\/wp-json\/wp\/v2\/product\/747"}],"collection":[{"href":"https:\/\/fromagerie-tourrette.bigfamily.dev\/de\/wp-json\/wp\/v2\/product"}],"about":[{"href":"https:\/\/fromagerie-tourrette.bigfamily.dev\/de\/wp-json\/wp\/v2\/types\/product"}],"wp:featuredmedia":[{"embeddable":true,"href":"https:\/\/fromagerie-tourrette.bigfamily.dev\/de\/wp-json\/wp\/v2\/media\/16309"}],"wp:attachment":[{"href":"https:\/\/fromagerie-tourrette.bigfamily.dev\/de\/wp-json\/wp\/v2\/media?parent=747"}],"wp:term":[{"taxonomy":"product_cat","embeddable":true,"href":"https:\/\/fromagerie-tourrette.bigfamily.dev\/de\/wp-json\/wp\/v2\/product_cat?post=747"},{"taxonomy":"product_tag","embeddable":true,"href":"https:\/\/fromagerie-tourrette.bigfamily.dev\/de\/wp-json\/wp\/v2\/product_tag?post=747"}],"curies":[{"name":"wp","href":"https:\/\/api.w.org\/{rel}","templated":true}]}}