{"id":631,"date":"2018-10-24T18:14:05","date_gmt":"2018-10-24T16:14:05","guid":{"rendered":"http:\/\/shop.fromagerie-tourrette.com\/?post_type=product&#038;p=631"},"modified":"2024-02-07T08:11:48","modified_gmt":"2024-02-07T07:11:48","slug":"carte-cadeau","status":"publish","type":"product","link":"https:\/\/fromagerie-tourrette.bigfamily.dev\/de\/produit\/carte-cadeau\/","title":{"rendered":"Carte cadeau"},"content":{"rendered":"<p>La valeur du bon pourra \u00eatre d\u00e9pens\u00e9e dans tous les \u00e9tablissements La Cloche : boutiques, cave d\u2019affinage et restaurant ! Elle est \u00e9galement valable sur le site internet.<\/p>\n<p>Le bon est valide 12 mois \u00e0 compter de la date d\u2019achat et peut \u00eatre utilis\u00e9 en plusieurs fois (hors restaurant)<\/p>\n<p>Disponible imm\u00e9diatement en version \u00e9lectronique, d\u00e9lais de 5 jours ouvrables pour une version sur papier cartonn\u00e9e envoy\u00e9e par la poste.<\/p>\n<p><em>Ce produit ne peut \u00eatre livr\u00e9 \u00e0 domicile par nos soins, uniquement par courrier ou par email au format PDF.<\/em><\/p>\n","protected":false},"excerpt":{"rendered":"<p>La valeur du bon pourra \u00eatre d\u00e9pens\u00e9e dans tous les \u00e9tablissements La Cloche : boutiques, cave d\u2019affinage et [&hellip;]<\/p>\n","protected":false},"featured_media":100366,"template":"","meta":[],"product_cat":[149],"product_tag":[],"acf":[],"_links":{"self":[{"href":"https:\/\/fromagerie-tourrette.bigfamily.dev\/de\/wp-json\/wp\/v2\/product\/631"}],"collection":[{"href":"https:\/\/fromagerie-tourrette.bigfamily.dev\/de\/wp-json\/wp\/v2\/product"}],"about":[{"href":"https:\/\/fromagerie-tourrette.bigfamily.dev\/de\/wp-json\/wp\/v2\/types\/product"}],"wp:featuredmedia":[{"embeddable":true,"href":"https:\/\/fromagerie-tourrette.bigfamily.dev\/de\/wp-json\/wp\/v2\/media\/100366"}],"wp:attachment":[{"href":"https:\/\/fromagerie-tourrette.bigfamily.dev\/de\/wp-json\/wp\/v2\/media?parent=631"}],"wp:term":[{"taxonomy":"product_cat","embeddable":true,"href":"https:\/\/fromagerie-tourrette.bigfamily.dev\/de\/wp-json\/wp\/v2\/product_cat?post=631"},{"taxonomy":"product_tag","embeddable":true,"href":"https:\/\/fromagerie-tourrette.bigfamily.dev\/de\/wp-json\/wp\/v2\/product_tag?post=631"}],"curies":[{"name":"wp","href":"https:\/\/api.w.org\/{rel}","templated":true}]}}