{"id":4369,"date":"2020-04-20T21:44:06","date_gmt":"2020-04-20T19:44:06","guid":{"rendered":"https:\/\/shop.fromagerie-tourrette.com\/?post_type=product&#038;p=4369"},"modified":"2023-01-20T07:40:36","modified_gmt":"2023-01-20T06:40:36","slug":"huile-vierge-de-noisettes-huilerie-beaujolaise","status":"publish","type":"product","link":"https:\/\/fromagerie-tourrette.bigfamily.dev\/de\/produit\/huile-vierge-de-noisettes-huilerie-beaujolaise\/","title":{"rendered":"Huile vierge de noisettes &#8211; Huilerie Beaujolaise"},"content":{"rendered":"<p>Puissante, au go\u00fbt d\u00e9licieux de pralin\u00e9, elle accompagne toutes salades, s&#8217;utilise comme beurre en jus de viande, sur tous f\u00e9culents, l\u00e9gumes, p\u00e2tes, fromages de ch\u00e8vre et p\u00e2tisseries.<\/p>\n<p>Bouteille en verre de 25cl.<\/p>\n","protected":false},"excerpt":{"rendered":"<p>Puissante, au go\u00fbt d\u00e9licieux de pralin\u00e9, elle accompagne toutes salades, s&#8217;utilise comme beurre en jus de viande, sur [&hellip;]<\/p>\n","protected":false},"featured_media":4370,"template":"","meta":[],"product_cat":[182],"product_tag":[],"acf":[],"_links":{"self":[{"href":"https:\/\/fromagerie-tourrette.bigfamily.dev\/de\/wp-json\/wp\/v2\/product\/4369"}],"collection":[{"href":"https:\/\/fromagerie-tourrette.bigfamily.dev\/de\/wp-json\/wp\/v2\/product"}],"about":[{"href":"https:\/\/fromagerie-tourrette.bigfamily.dev\/de\/wp-json\/wp\/v2\/types\/product"}],"wp:featuredmedia":[{"embeddable":true,"href":"https:\/\/fromagerie-tourrette.bigfamily.dev\/de\/wp-json\/wp\/v2\/media\/4370"}],"wp:attachment":[{"href":"https:\/\/fromagerie-tourrette.bigfamily.dev\/de\/wp-json\/wp\/v2\/media?parent=4369"}],"wp:term":[{"taxonomy":"product_cat","embeddable":true,"href":"https:\/\/fromagerie-tourrette.bigfamily.dev\/de\/wp-json\/wp\/v2\/product_cat?post=4369"},{"taxonomy":"product_tag","embeddable":true,"href":"https:\/\/fromagerie-tourrette.bigfamily.dev\/de\/wp-json\/wp\/v2\/product_tag?post=4369"}],"curies":[{"name":"wp","href":"https:\/\/api.w.org\/{rel}","templated":true}]}}