{"id":4366,"date":"2020-04-20T21:40:32","date_gmt":"2020-04-20T19:40:32","guid":{"rendered":"https:\/\/shop.fromagerie-tourrette.com\/?post_type=product&#038;p=4366"},"modified":"2024-01-18T11:24:24","modified_gmt":"2024-01-18T10:24:24","slug":"huile-vierge-de-noix-huilerie-beaujolaise","status":"publish","type":"product","link":"https:\/\/fromagerie-tourrette.bigfamily.dev\/de\/produit\/huile-vierge-de-noix-huilerie-beaujolaise\/","title":{"rendered":"Huile vierge de noix &#8211; Huilerie Beaujolaise"},"content":{"rendered":"<p>Son go\u00fbt cors\u00e9, campagnard se marie \u00e0 merveille avec des crudit\u00e9s am\u00e8res comme les endives, les pissenlits et les chicor\u00e9es ; en assaisonnement sur pommes de terre, haricots secs, lentilles et fromages.<\/p>\n<p>Bouteille en verre de 25cl.<\/p>\n<p>&nbsp;<\/p>\n","protected":false},"excerpt":{"rendered":"<p>Son go\u00fbt cors\u00e9, campagnard se marie \u00e0 merveille avec des crudit\u00e9s am\u00e8res comme les endives, les pissenlits et [&hellip;]<\/p>\n","protected":false},"featured_media":4368,"template":"","meta":[],"product_cat":[182],"product_tag":[],"acf":[],"_links":{"self":[{"href":"https:\/\/fromagerie-tourrette.bigfamily.dev\/de\/wp-json\/wp\/v2\/product\/4366"}],"collection":[{"href":"https:\/\/fromagerie-tourrette.bigfamily.dev\/de\/wp-json\/wp\/v2\/product"}],"about":[{"href":"https:\/\/fromagerie-tourrette.bigfamily.dev\/de\/wp-json\/wp\/v2\/types\/product"}],"wp:featuredmedia":[{"embeddable":true,"href":"https:\/\/fromagerie-tourrette.bigfamily.dev\/de\/wp-json\/wp\/v2\/media\/4368"}],"wp:attachment":[{"href":"https:\/\/fromagerie-tourrette.bigfamily.dev\/de\/wp-json\/wp\/v2\/media?parent=4366"}],"wp:term":[{"taxonomy":"product_cat","embeddable":true,"href":"https:\/\/fromagerie-tourrette.bigfamily.dev\/de\/wp-json\/wp\/v2\/product_cat?post=4366"},{"taxonomy":"product_tag","embeddable":true,"href":"https:\/\/fromagerie-tourrette.bigfamily.dev\/de\/wp-json\/wp\/v2\/product_tag?post=4366"}],"curies":[{"name":"wp","href":"https:\/\/api.w.org\/{rel}","templated":true}]}}