{"id":4359,"date":"2020-04-20T21:29:03","date_gmt":"2020-04-20T19:29:03","guid":{"rendered":"https:\/\/shop.fromagerie-tourrette.com\/?post_type=product&#038;p=4359"},"modified":"2024-01-18T11:29:04","modified_gmt":"2024-01-18T10:29:04","slug":"vinaigre-de-mangue-huilerie-beaujolaise","status":"publish","type":"product","link":"https:\/\/fromagerie-tourrette.bigfamily.dev\/de\/produit\/vinaigre-de-mangue-huilerie-beaujolaise\/","title":{"rendered":"Vinaigre de mangue &#8211; Huilerie Beaujolaise"},"content":{"rendered":"<p>Ce vinaigre doux au go\u00fbt tr\u00e8s prononc\u00e9 s&#8217;utilise en quelques touches sur vos crudit\u00e9s, foie gras, poissons et desserts.<\/p>\n<p>Bouteille en verre de 25cl.<\/p>\n<p>&nbsp;<\/p>\n","protected":false},"excerpt":{"rendered":"<p>Ce vinaigre doux au go\u00fbt tr\u00e8s prononc\u00e9 s&#8217;utilise en quelques touches sur vos crudit\u00e9s, foie gras, poissons et [&hellip;]<\/p>\n","protected":false},"featured_media":4360,"template":"","meta":[],"product_cat":[182],"product_tag":[],"acf":[],"_links":{"self":[{"href":"https:\/\/fromagerie-tourrette.bigfamily.dev\/de\/wp-json\/wp\/v2\/product\/4359"}],"collection":[{"href":"https:\/\/fromagerie-tourrette.bigfamily.dev\/de\/wp-json\/wp\/v2\/product"}],"about":[{"href":"https:\/\/fromagerie-tourrette.bigfamily.dev\/de\/wp-json\/wp\/v2\/types\/product"}],"wp:featuredmedia":[{"embeddable":true,"href":"https:\/\/fromagerie-tourrette.bigfamily.dev\/de\/wp-json\/wp\/v2\/media\/4360"}],"wp:attachment":[{"href":"https:\/\/fromagerie-tourrette.bigfamily.dev\/de\/wp-json\/wp\/v2\/media?parent=4359"}],"wp:term":[{"taxonomy":"product_cat","embeddable":true,"href":"https:\/\/fromagerie-tourrette.bigfamily.dev\/de\/wp-json\/wp\/v2\/product_cat?post=4359"},{"taxonomy":"product_tag","embeddable":true,"href":"https:\/\/fromagerie-tourrette.bigfamily.dev\/de\/wp-json\/wp\/v2\/product_tag?post=4359"}],"curies":[{"name":"wp","href":"https:\/\/api.w.org\/{rel}","templated":true}]}}