{"id":4303,"date":"2020-04-18T11:49:54","date_gmt":"2020-04-18T09:49:54","guid":{"rendered":"https:\/\/shop.fromagerie-tourrette.com\/?post_type=product&#038;p=4303"},"modified":"2024-01-18T11:30:14","modified_gmt":"2024-01-18T10:30:14","slug":"moliterno-a-la-truffe","status":"publish","type":"product","link":"https:\/\/fromagerie-tourrette.bigfamily.dev\/de\/produit\/moliterno-a-la-truffe\/","title":{"rendered":"Moliterno \u00e0 la truffe"},"content":{"rendered":"<p>Fromage au lait de brebis \u00e0 p\u00e2te press\u00e9e non cuite vein\u00e9 de truffes noires. De puissants ar\u00f4mes de truffe se d\u00e9gagent en bouche. Il est fabriqu\u00e9 \u00e0\u00a0Nureci en Sardaigne.<\/p>\n","protected":false},"excerpt":{"rendered":"<p>Fromage au lait de brebis \u00e0 p\u00e2te press\u00e9e non cuite vein\u00e9 de truffes noires. De puissants ar\u00f4mes de [&hellip;]<\/p>\n","protected":false},"featured_media":15853,"template":"","meta":[],"product_cat":[16],"product_tag":[],"acf":[],"_links":{"self":[{"href":"https:\/\/fromagerie-tourrette.bigfamily.dev\/de\/wp-json\/wp\/v2\/product\/4303"}],"collection":[{"href":"https:\/\/fromagerie-tourrette.bigfamily.dev\/de\/wp-json\/wp\/v2\/product"}],"about":[{"href":"https:\/\/fromagerie-tourrette.bigfamily.dev\/de\/wp-json\/wp\/v2\/types\/product"}],"wp:featuredmedia":[{"embeddable":true,"href":"https:\/\/fromagerie-tourrette.bigfamily.dev\/de\/wp-json\/wp\/v2\/media\/15853"}],"wp:attachment":[{"href":"https:\/\/fromagerie-tourrette.bigfamily.dev\/de\/wp-json\/wp\/v2\/media?parent=4303"}],"wp:term":[{"taxonomy":"product_cat","embeddable":true,"href":"https:\/\/fromagerie-tourrette.bigfamily.dev\/de\/wp-json\/wp\/v2\/product_cat?post=4303"},{"taxonomy":"product_tag","embeddable":true,"href":"https:\/\/fromagerie-tourrette.bigfamily.dev\/de\/wp-json\/wp\/v2\/product_tag?post=4303"}],"curies":[{"name":"wp","href":"https:\/\/api.w.org\/{rel}","templated":true}]}}