{"id":3849,"date":"2020-04-02T10:00:33","date_gmt":"2020-04-02T08:00:33","guid":{"rendered":"https:\/\/shop.fromagerie-tourrette.com\/?post_type=product&#038;p=3849"},"modified":"2021-10-26T11:52:24","modified_gmt":"2021-10-26T09:52:24","slug":"fondue-la-cloche-a-fromage","status":"publish","type":"product","link":"https:\/\/fromagerie-tourrette.bigfamily.dev\/de\/produit\/fondue-la-cloche-a-fromage\/","title":{"rendered":"Fondue La Cloche \u00e0 Fromage"},"content":{"rendered":"<p>La fameuse fondue du restaurant La Cloche \u00e0 Fromage, comme si vous y \u00e9tiez ! Recette tenue secr\u00e8te&#8230;<\/p>\n<p>Pochette de 500g &#8211; Fromages r\u00e2p\u00e9s pr\u00eats \u00e0 l&#8217;emploi.\u00a0Quantit\u00e9 recommand\u00e9e pour 2 personnes.<\/p>\n<p><em>Pour un retrait en boutique : merci de s\u00e9lectionner la fondue dans la cat\u00e9gorie &#8220;Plateaux&#8221; !\u00a0<\/em><\/p>\n","protected":false},"excerpt":{"rendered":"<p>La fameuse fondue du restaurant La Cloche \u00e0 Fromage, comme si vous y \u00e9tiez ! Recette tenue secr\u00e8te&#8230; [&hellip;]<\/p>\n","protected":false},"featured_media":3850,"template":"","meta":[],"product_cat":[179,16],"product_tag":[],"acf":[],"_links":{"self":[{"href":"https:\/\/fromagerie-tourrette.bigfamily.dev\/de\/wp-json\/wp\/v2\/product\/3849"}],"collection":[{"href":"https:\/\/fromagerie-tourrette.bigfamily.dev\/de\/wp-json\/wp\/v2\/product"}],"about":[{"href":"https:\/\/fromagerie-tourrette.bigfamily.dev\/de\/wp-json\/wp\/v2\/types\/product"}],"wp:featuredmedia":[{"embeddable":true,"href":"https:\/\/fromagerie-tourrette.bigfamily.dev\/de\/wp-json\/wp\/v2\/media\/3850"}],"wp:attachment":[{"href":"https:\/\/fromagerie-tourrette.bigfamily.dev\/de\/wp-json\/wp\/v2\/media?parent=3849"}],"wp:term":[{"taxonomy":"product_cat","embeddable":true,"href":"https:\/\/fromagerie-tourrette.bigfamily.dev\/de\/wp-json\/wp\/v2\/product_cat?post=3849"},{"taxonomy":"product_tag","embeddable":true,"href":"https:\/\/fromagerie-tourrette.bigfamily.dev\/de\/wp-json\/wp\/v2\/product_tag?post=3849"}],"curies":[{"name":"wp","href":"https:\/\/api.w.org\/{rel}","templated":true}]}}