{"id":3736,"date":"2020-03-30T16:36:26","date_gmt":"2020-03-30T14:36:26","guid":{"rendered":"https:\/\/shop.fromagerie-tourrette.com\/?post_type=product&#038;p=3736"},"modified":"2024-02-02T15:20:03","modified_gmt":"2024-02-02T14:20:03","slug":"gorgonzola-aop-a-la-cuillere","status":"publish","type":"product","link":"https:\/\/fromagerie-tourrette.bigfamily.dev\/de\/produit\/gorgonzola-aop-a-la-cuillere\/","title":{"rendered":"Gorgonzola AOP &#8220;\u00e0 la cuill\u00e8re&#8221;"},"content":{"rendered":"<p>A vrai dire, on n&#8217;a jamais fabriqu\u00e9 de gorgonzola \u00e0 Gorgonzola. C&#8217;est juste l&#8217;endroit o\u00f9 confluaient les bergers en septembre, de retour de montagne. Les vaches \u00e9taient fatigu\u00e9es (&#8220;stracche&#8221;), et les bergers fabriquaient malgr\u00e9 tout du fromage avec le lait qu&#8217;elles donnaient. Trop de fromage, les gens de Gorgonzola en avaient trop, alors ils le conservaient et il se persillait naturellement&#8230;On l&#8217;appelait &#8220;stracchino&#8221; de Gorgonzola, puis Gorgonzola tout simplement. Un fromage aux saveurs caract\u00e9ristiques et l\u00e9g\u00e8rement piquantes.<\/p>\n<p>Ici, nous proposons une version tr\u00e8s cr\u00e9meuse &#8220;\u00e0 la cuill\u00e8re&#8221; servie dans un pot de 250g.<\/p>\n","protected":false},"excerpt":{"rendered":"<p>A vrai dire, on n&#8217;a jamais fabriqu\u00e9 de gorgonzola \u00e0 Gorgonzola. C&#8217;est juste l&#8217;endroit o\u00f9 confluaient les bergers [&hellip;]<\/p>\n","protected":false},"featured_media":100279,"template":"","meta":[],"product_cat":[16],"product_tag":[],"acf":[],"_links":{"self":[{"href":"https:\/\/fromagerie-tourrette.bigfamily.dev\/de\/wp-json\/wp\/v2\/product\/3736"}],"collection":[{"href":"https:\/\/fromagerie-tourrette.bigfamily.dev\/de\/wp-json\/wp\/v2\/product"}],"about":[{"href":"https:\/\/fromagerie-tourrette.bigfamily.dev\/de\/wp-json\/wp\/v2\/types\/product"}],"wp:featuredmedia":[{"embeddable":true,"href":"https:\/\/fromagerie-tourrette.bigfamily.dev\/de\/wp-json\/wp\/v2\/media\/100279"}],"wp:attachment":[{"href":"https:\/\/fromagerie-tourrette.bigfamily.dev\/de\/wp-json\/wp\/v2\/media?parent=3736"}],"wp:term":[{"taxonomy":"product_cat","embeddable":true,"href":"https:\/\/fromagerie-tourrette.bigfamily.dev\/de\/wp-json\/wp\/v2\/product_cat?post=3736"},{"taxonomy":"product_tag","embeddable":true,"href":"https:\/\/fromagerie-tourrette.bigfamily.dev\/de\/wp-json\/wp\/v2\/product_tag?post=3736"}],"curies":[{"name":"wp","href":"https:\/\/api.w.org\/{rel}","templated":true}]}}