{"id":3734,"date":"2020-03-30T16:26:03","date_gmt":"2020-03-30T14:26:03","guid":{"rendered":"https:\/\/shop.fromagerie-tourrette.com\/?post_type=product&#038;p=3734"},"modified":"2024-02-02T15:41:54","modified_gmt":"2024-02-02T14:41:54","slug":"etoile-de-cheddar","status":"publish","type":"product","link":"https:\/\/fromagerie-tourrette.bigfamily.dev\/de\/produit\/etoile-de-cheddar\/","title":{"rendered":"Coeur de Cheddar"},"content":{"rendered":"<p>Petit fromage en forme de coeur \u00e0 p\u00e2te press\u00e9e non cuite originaire d&#8217;Angleterre de la ville de Cheddar. Prot\u00e9g\u00e9 par une fine couche de cire bio, il pr\u00e9sente une texture ferme mais fondante en bouche et des ar\u00f4mes fruit\u00e9s typique du c\u00e9l\u00e8bre cheddar.<\/p>\n","protected":false},"excerpt":{"rendered":"<p>Petit fromage en forme de coeur \u00e0 p\u00e2te press\u00e9e non cuite originaire d&#8217;Angleterre de la ville de Cheddar. [&hellip;]<\/p>\n","protected":false},"featured_media":100309,"template":"","meta":[],"product_cat":[16],"product_tag":[],"acf":[],"_links":{"self":[{"href":"https:\/\/fromagerie-tourrette.bigfamily.dev\/de\/wp-json\/wp\/v2\/product\/3734"}],"collection":[{"href":"https:\/\/fromagerie-tourrette.bigfamily.dev\/de\/wp-json\/wp\/v2\/product"}],"about":[{"href":"https:\/\/fromagerie-tourrette.bigfamily.dev\/de\/wp-json\/wp\/v2\/types\/product"}],"wp:featuredmedia":[{"embeddable":true,"href":"https:\/\/fromagerie-tourrette.bigfamily.dev\/de\/wp-json\/wp\/v2\/media\/100309"}],"wp:attachment":[{"href":"https:\/\/fromagerie-tourrette.bigfamily.dev\/de\/wp-json\/wp\/v2\/media?parent=3734"}],"wp:term":[{"taxonomy":"product_cat","embeddable":true,"href":"https:\/\/fromagerie-tourrette.bigfamily.dev\/de\/wp-json\/wp\/v2\/product_cat?post=3734"},{"taxonomy":"product_tag","embeddable":true,"href":"https:\/\/fromagerie-tourrette.bigfamily.dev\/de\/wp-json\/wp\/v2\/product_tag?post=3734"}],"curies":[{"name":"wp","href":"https:\/\/api.w.org\/{rel}","templated":true}]}}