{"id":3588,"date":"2020-03-26T15:56:05","date_gmt":"2020-03-26T14:56:05","guid":{"rendered":"https:\/\/shop.fromagerie-tourrette.com\/?post_type=product&#038;p=3588"},"modified":"2023-07-05T15:26:52","modified_gmt":"2023-07-05T13:26:52","slug":"fer-a-cheval-au-morbier","status":"publish","type":"product","link":"https:\/\/fromagerie-tourrette.bigfamily.dev\/de\/produit\/fer-a-cheval-au-morbier\/","title":{"rendered":"Fer \u00e0 cheval au Morbier"},"content":{"rendered":"<p>Saucisson artisanal sans boyau au morbier, qui lui conf\u00e8re un go\u00fbt unique.\u00a0La flore de surface l&#8217;habille d&#8217;une belle robe blanche naturelle qui lui conf\u00e8re des ar\u00f4mes sp\u00e9cifiques.<\/p>\n<p>Environ 290g.<\/p>\n","protected":false},"excerpt":{"rendered":"<p>Saucisson artisanal sans boyau au morbier, qui lui conf\u00e8re un go\u00fbt unique.\u00a0La flore de surface l&#8217;habille d&#8217;une belle [&hellip;]<\/p>\n","protected":false},"featured_media":3591,"template":"","meta":[],"product_cat":[177,165],"product_tag":[],"acf":[],"_links":{"self":[{"href":"https:\/\/fromagerie-tourrette.bigfamily.dev\/de\/wp-json\/wp\/v2\/product\/3588"}],"collection":[{"href":"https:\/\/fromagerie-tourrette.bigfamily.dev\/de\/wp-json\/wp\/v2\/product"}],"about":[{"href":"https:\/\/fromagerie-tourrette.bigfamily.dev\/de\/wp-json\/wp\/v2\/types\/product"}],"wp:featuredmedia":[{"embeddable":true,"href":"https:\/\/fromagerie-tourrette.bigfamily.dev\/de\/wp-json\/wp\/v2\/media\/3591"}],"wp:attachment":[{"href":"https:\/\/fromagerie-tourrette.bigfamily.dev\/de\/wp-json\/wp\/v2\/media?parent=3588"}],"wp:term":[{"taxonomy":"product_cat","embeddable":true,"href":"https:\/\/fromagerie-tourrette.bigfamily.dev\/de\/wp-json\/wp\/v2\/product_cat?post=3588"},{"taxonomy":"product_tag","embeddable":true,"href":"https:\/\/fromagerie-tourrette.bigfamily.dev\/de\/wp-json\/wp\/v2\/product_tag?post=3588"}],"curies":[{"name":"wp","href":"https:\/\/api.w.org\/{rel}","templated":true}]}}