{"id":3529,"date":"2020-03-26T09:02:04","date_gmt":"2020-03-26T08:02:04","guid":{"rendered":"https:\/\/shop.fromagerie-tourrette.com\/?post_type=product&#038;p=3529"},"modified":"2023-06-26T15:40:04","modified_gmt":"2023-06-26T13:40:04","slug":"cotes-du-ventoux-aop-domaine-du-vieux-lazaret-2016","status":"publish","type":"product","link":"https:\/\/fromagerie-tourrette.bigfamily.dev\/de\/produit\/cotes-du-ventoux-aop-domaine-du-vieux-lazaret-2016\/","title":{"rendered":"C\u00f4tes du Ventoux AOP &#8211; Domaine du Vieux Lazaret 2021"},"content":{"rendered":"<p>Cotes du Ventoux AOP mis en bouteille au domaine du Vieux Lazaret, vignobles J\u00e9r\u00f4me Quiot \u00e0 Caromb (France), cuv\u00e9e 2016<\/p>\n<p>Bouteille 75cl. Alcool 14% vol.<\/p>\n","protected":false},"excerpt":{"rendered":"<p>Cotes du Ventoux AOP mis en bouteille au domaine du Vieux Lazaret, vignobles J\u00e9r\u00f4me Quiot \u00e0 Caromb (France), [&hellip;]<\/p>\n","protected":false},"featured_media":3602,"template":"","meta":[],"product_cat":[165,168],"product_tag":[],"acf":[],"_links":{"self":[{"href":"https:\/\/fromagerie-tourrette.bigfamily.dev\/de\/wp-json\/wp\/v2\/product\/3529"}],"collection":[{"href":"https:\/\/fromagerie-tourrette.bigfamily.dev\/de\/wp-json\/wp\/v2\/product"}],"about":[{"href":"https:\/\/fromagerie-tourrette.bigfamily.dev\/de\/wp-json\/wp\/v2\/types\/product"}],"wp:featuredmedia":[{"embeddable":true,"href":"https:\/\/fromagerie-tourrette.bigfamily.dev\/de\/wp-json\/wp\/v2\/media\/3602"}],"wp:attachment":[{"href":"https:\/\/fromagerie-tourrette.bigfamily.dev\/de\/wp-json\/wp\/v2\/media?parent=3529"}],"wp:term":[{"taxonomy":"product_cat","embeddable":true,"href":"https:\/\/fromagerie-tourrette.bigfamily.dev\/de\/wp-json\/wp\/v2\/product_cat?post=3529"},{"taxonomy":"product_tag","embeddable":true,"href":"https:\/\/fromagerie-tourrette.bigfamily.dev\/de\/wp-json\/wp\/v2\/product_tag?post=3529"}],"curies":[{"name":"wp","href":"https:\/\/api.w.org\/{rel}","templated":true}]}}