{"id":3527,"date":"2020-03-26T08:59:06","date_gmt":"2020-03-26T07:59:06","guid":{"rendered":"https:\/\/shop.fromagerie-tourrette.com\/?post_type=product&#038;p=3527"},"modified":"2023-06-26T15:41:25","modified_gmt":"2023-06-26T13:41:25","slug":"sauvignon-blanc-la-petite-perriere-2018","status":"publish","type":"product","link":"https:\/\/fromagerie-tourrette.bigfamily.dev\/de\/produit\/sauvignon-blanc-la-petite-perriere-2018\/","title":{"rendered":"Sauvignon blanc &#8211; La Petite Perri\u00e8re 2022"},"content":{"rendered":"<p>Sauvignon blanc &#8211; C\u00e9page du Centre Loire &#8211; de la Maison Saget La Perri\u00e8re,\u00a0Cuv\u00e9e 2018. R\u00e9gion de Sancerre<\/p>\n<p>Bouteille de 75cl. Alcool 12,5% vol.<\/p>\n","protected":false},"excerpt":{"rendered":"<p>Sauvignon blanc &#8211; C\u00e9page du Centre Loire &#8211; de la Maison Saget La Perri\u00e8re,\u00a0Cuv\u00e9e 2018. R\u00e9gion de Sancerre [&hellip;]<\/p>\n","protected":false},"featured_media":3603,"template":"","meta":[],"product_cat":[15,165,168],"product_tag":[],"acf":[],"_links":{"self":[{"href":"https:\/\/fromagerie-tourrette.bigfamily.dev\/de\/wp-json\/wp\/v2\/product\/3527"}],"collection":[{"href":"https:\/\/fromagerie-tourrette.bigfamily.dev\/de\/wp-json\/wp\/v2\/product"}],"about":[{"href":"https:\/\/fromagerie-tourrette.bigfamily.dev\/de\/wp-json\/wp\/v2\/types\/product"}],"wp:featuredmedia":[{"embeddable":true,"href":"https:\/\/fromagerie-tourrette.bigfamily.dev\/de\/wp-json\/wp\/v2\/media\/3603"}],"wp:attachment":[{"href":"https:\/\/fromagerie-tourrette.bigfamily.dev\/de\/wp-json\/wp\/v2\/media?parent=3527"}],"wp:term":[{"taxonomy":"product_cat","embeddable":true,"href":"https:\/\/fromagerie-tourrette.bigfamily.dev\/de\/wp-json\/wp\/v2\/product_cat?post=3527"},{"taxonomy":"product_tag","embeddable":true,"href":"https:\/\/fromagerie-tourrette.bigfamily.dev\/de\/wp-json\/wp\/v2\/product_tag?post=3527"}],"curies":[{"name":"wp","href":"https:\/\/api.w.org\/{rel}","templated":true}]}}