{"id":3526,"date":"2020-03-26T08:40:18","date_gmt":"2020-03-26T07:40:18","guid":{"rendered":"https:\/\/shop.fromagerie-tourrette.com\/?post_type=product&#038;p=3526"},"modified":"2024-01-18T11:34:33","modified_gmt":"2024-01-18T10:34:33","slug":"lait-uht-1-2-ecreme-la-ferme-des-peupliers","status":"publish","type":"product","link":"https:\/\/fromagerie-tourrette.bigfamily.dev\/de\/produit\/lait-uht-1-2-ecreme-la-ferme-des-peupliers\/","title":{"rendered":"Lait UHT 1\/2 \u00e9cr\u00e9m\u00e9"},"content":{"rendered":"<p>Lait\u00a01\/2 \u00e9cr\u00e9m\u00e9 UHT. Bouteille de 1L.<\/p>\n","protected":false},"excerpt":{"rendered":"<p>Lait\u00a01\/2 \u00e9cr\u00e9m\u00e9 UHT. Bouteille de 1L.<\/p>\n","protected":false},"featured_media":0,"template":"","meta":[],"product_cat":[166,165],"product_tag":[],"acf":[],"_links":{"self":[{"href":"https:\/\/fromagerie-tourrette.bigfamily.dev\/de\/wp-json\/wp\/v2\/product\/3526"}],"collection":[{"href":"https:\/\/fromagerie-tourrette.bigfamily.dev\/de\/wp-json\/wp\/v2\/product"}],"about":[{"href":"https:\/\/fromagerie-tourrette.bigfamily.dev\/de\/wp-json\/wp\/v2\/types\/product"}],"wp:attachment":[{"href":"https:\/\/fromagerie-tourrette.bigfamily.dev\/de\/wp-json\/wp\/v2\/media?parent=3526"}],"wp:term":[{"taxonomy":"product_cat","embeddable":true,"href":"https:\/\/fromagerie-tourrette.bigfamily.dev\/de\/wp-json\/wp\/v2\/product_cat?post=3526"},{"taxonomy":"product_tag","embeddable":true,"href":"https:\/\/fromagerie-tourrette.bigfamily.dev\/de\/wp-json\/wp\/v2\/product_tag?post=3526"}],"curies":[{"name":"wp","href":"https:\/\/api.w.org\/{rel}","templated":true}]}}